{"id":870,"date":"2017-03-29T18:23:34","date_gmt":"2017-03-29T16:23:34","guid":{"rendered":"https:\/\/parkingsolmediterraneo.com\/?page_id=870\/"},"modified":"2017-03-29T18:25:21","modified_gmt":"2017-03-29T16:25:21","slug":"legal-advice","status":"publish","type":"page","link":"https:\/\/parkingsolmediterraneo.com\/en\/legal-advice\/","title":{"rendered":"Legal Advice"},"content":{"rendered":"<p>[vc_row][vc_column][ultimate_heading main_heading=&#8221;Legal Advice&#8221; margin_design_tab_text=&#8221;&#8221;][\/ultimate_heading][ultimate_spacer height=&#8221;30&#8243;][\/vc_column][\/vc_row][vc_row][vc_column][vc_column_text]<\/p>\n<p>Augusto Jesus Santiago Garc\u00eda &#8211; Parking Sol Mediterraneo, with NIF\/CIF 25101599C, adreess Avda. Comandante Garc\u00eda Morato Numero 18, 29004 &#8211; Malaga (Malaga), can not assume any responsibility for the incorrect, inappropriate or illegal use of the information appearing on the websites of www.parkingsolmediterraneo.com.<\/p>\n<p>Within the limits established by law, www.parkingsolmediterraneo.com assumes no responsibility for the lack of veracity, integrity, updating and accuracy of the data or information contained in their Internet sites.<\/p>\n<p>The contents and information do not bind www.parkingsolmediterraneo.com not opinions, advice or advice of any kind as it is merely a service offered for information and informative.<\/p>\n<p>The www.parkingsolmediterraneo.com Internet pages may contain links (links) to other third parties can not control www.parkingsolmediterraneo.com Therefore, www.parkingsolmediterraneo.com can not take responsibility for the content that may appear on these pages.<\/p>\n<p>The text, images, sounds, animations, software and other content included in this website are the exclusive property of www.parkingsolmediterraneo.com or its licensors. Any transmission, distribution, transfer, reproduction, storage or total or partial public communication must have the express consent of www.parkingsolmediterraneo.com.<\/p>\n<p>Also, to access some of the services offered through the www.parkingsolmediterraneo.com website should provide some personal data. In compliance with the provisions of Law 15\/1999, of December 13, Protection of Personal Data, we inform you that by filling in these forms, your personal data will be stored and processed in files Augusto Jesus Santiago Garc\u00eda &#8211; Parking Sol Mediterraneo for the purpose of offering and providing our services and to inform improvements to the website. Also advised of the possibility of exercising rights of access, rectification, cancellation and opposition of your personal data, free via email to augusto@parkingmediterraneo.com or address Avda. Comandante Garc\u00eda Morato Numero 18, 29004 &#8211; Malaga (Malaga).[\/vc_column_text][\/vc_column][\/vc_row]<\/p>\n\n\n<div class=\"kk-star-ratings kksr-auto kksr-align-center kksr-valign-bottom\"\n    data-payload='{&quot;align&quot;:&quot;center&quot;,&quot;id&quot;:&quot;870&quot;,&quot;slug&quot;:&quot;default&quot;,&quot;valign&quot;:&quot;bottom&quot;,&quot;ignore&quot;:&quot;&quot;,&quot;reference&quot;:&quot;auto&quot;,&quot;class&quot;:&quot;&quot;,&quot;count&quot;:&quot;0&quot;,&quot;legendonly&quot;:&quot;&quot;,&quot;readonly&quot;:&quot;&quot;,&quot;score&quot;:&quot;0&quot;,&quot;starsonly&quot;:&quot;&quot;,&quot;best&quot;:&quot;5&quot;,&quot;gap&quot;:&quot;4&quot;,&quot;greet&quot;:&quot;&quot;,&quot;legend&quot;:&quot;0\\\/5 - (0 votes)&quot;,&quot;size&quot;:&quot;20&quot;,&quot;title&quot;:&quot;Legal Advice&quot;,&quot;width&quot;:&quot;0&quot;,&quot;_legend&quot;:&quot;{score}\\\/{best} - ({count} {votes})&quot;,&quot;font_factor&quot;:&quot;1.25&quot;}'>\n            \n<div class=\"kksr-stars\">\n    \n<div class=\"kksr-stars-inactive\">\n            <div class=\"kksr-star\" data-star=\"1\" style=\"padding-right: 4px\">\n            \n\n<div class=\"kksr-icon\" style=\"width: 20px; height: 20px;\"><\/div>\n        <\/div>\n            <div class=\"kksr-star\" data-star=\"2\" style=\"padding-right: 4px\">\n            \n\n<div class=\"kksr-icon\" style=\"width: 20px; height: 20px;\"><\/div>\n        <\/div>\n            <div class=\"kksr-star\" data-star=\"3\" style=\"padding-right: 4px\">\n            \n\n<div class=\"kksr-icon\" style=\"width: 20px; height: 20px;\"><\/div>\n        <\/div>\n            <div class=\"kksr-star\" data-star=\"4\" style=\"padding-right: 4px\">\n            \n\n<div class=\"kksr-icon\" style=\"width: 20px; height: 20px;\"><\/div>\n        <\/div>\n            <div class=\"kksr-star\" data-star=\"5\" style=\"padding-right: 4px\">\n            \n\n<div class=\"kksr-icon\" style=\"width: 20px; height: 20px;\"><\/div>\n        <\/div>\n    <\/div>\n    \n<div class=\"kksr-stars-active\" style=\"width: 0px;\">\n            <div class=\"kksr-star\" style=\"padding-right: 4px\">\n            \n\n<div class=\"kksr-icon\" style=\"width: 20px; height: 20px;\"><\/div>\n        <\/div>\n            <div class=\"kksr-star\" style=\"padding-right: 4px\">\n            \n\n<div class=\"kksr-icon\" style=\"width: 20px; height: 20px;\"><\/div>\n        <\/div>\n            <div class=\"kksr-star\" style=\"padding-right: 4px\">\n            \n\n<div class=\"kksr-icon\" style=\"width: 20px; height: 20px;\"><\/div>\n        <\/div>\n            <div class=\"kksr-star\" style=\"padding-right: 4px\">\n            \n\n<div class=\"kksr-icon\" style=\"width: 20px; height: 20px;\"><\/div>\n        <\/div>\n            <div class=\"kksr-star\" style=\"padding-right: 4px\">\n            \n\n<div class=\"kksr-icon\" style=\"width: 20px; height: 20px;\"><\/div>\n        <\/div>\n    <\/div>\n<\/div>\n                \n\n<div class=\"kksr-legend\" style=\"font-size: 16px;\">\n            <span class=\"kksr-muted\"><\/span>\n    <\/div>\n    <\/div>\n","protected":false},"excerpt":{"rendered":"<p>[vc_row][vc_column][ultimate_heading main_heading=&#8221;Legal Advice&#8221; margin_design_tab_text=&#8221;&#8221;][\/ultimate_heading][ultimate_spacer height=&#8221;30&#8243;][\/vc_column][\/vc_row][vc_row][vc_column][vc_column_text] Augusto Jesus Santiago Garc\u00eda &#8211; Parking Sol Mediterraneo, with NIF\/CIF 25101599C, adreess Avda. Comandante Garc\u00eda Morato Numero 18, 29004 &#8211; Malaga (Malaga), can not assume any responsibility for the incorrect, inappropriate or illegal use of the information appearing on the websites of www.parkingsolmediterraneo.com. Within the limits established by law, www.parkingsolmediterraneo.com [&hellip;]<\/p>\n","protected":false},"author":1,"featured_media":0,"parent":0,"menu_order":0,"comment_status":"closed","ping_status":"closed","template":"","meta":{"_et_pb_use_builder":"on","_et_pb_old_content":"","_et_gb_content_width":"","footnotes":""},"class_list":["post-870","page","type-page","status-publish","hentry"],"yoast_head":"<!-- This site is optimized with the Yoast SEO Premium plugin v19.7 (Yoast SEO v27.2) - https:\/\/yoast.com\/product\/yoast-seo-premium-wordpress\/ -->\n<title>Legal Advice - Parking Sol Mediterraneo Aeropuerto de M\u00e1laga<\/title>\n<meta name=\"robots\" content=\"index, follow, max-snippet:-1, max-image-preview:large, max-video-preview:-1\" \/>\n<link rel=\"canonical\" href=\"https:\/\/parkingsolmediterraneo.com\/en\/legal-advice\/\" \/>\n<meta property=\"og:locale\" content=\"en_US\" \/>\n<meta property=\"og:type\" content=\"article\" \/>\n<meta property=\"og:title\" content=\"Legal Advice\" \/>\n<meta property=\"og:description\" content=\"[vc_row][vc_column][ultimate_heading main_heading=&quot;Legal Advice&quot; margin_design_tab_text=&quot;&quot;][\/ultimate_heading][ultimate_spacer height=&quot;30&quot;][\/vc_column][\/vc_row][vc_row][vc_column][vc_column_text] Augusto Jesus Santiago Garc\u00eda - Parking Sol Mediterraneo, with NIF\/CIF 25101599C, adreess Avda. Comandante Garc\u00eda Morato Numero 18, 29004 - Malaga (Malaga), can not assume any responsibility for the incorrect, inappropriate or illegal use of the information appearing on the websites of www.parkingsolmediterraneo.com. Within the limits established by law, www.parkingsolmediterraneo.com [&hellip;]\" \/>\n<meta property=\"og:url\" content=\"https:\/\/parkingsolmediterraneo.com\/en\/legal-advice\/\" \/>\n<meta property=\"og:site_name\" content=\"Parking Sol Mediterraneo Aeropuerto de M\u00e1laga\" \/>\n<meta property=\"article:publisher\" content=\"https:\/\/www.facebook.com\/parkingsolmediterraneo\/\" \/>\n<meta property=\"article:modified_time\" content=\"2017-03-29T16:25:21+00:00\" \/>\n<meta property=\"og:image\" content=\"https:\/\/parkingsolmediterraneo.com\/wp-content\/uploads\/2021\/06\/parking-sol-portada-nueva.jpg\" \/>\n\t<meta property=\"og:image:width\" content=\"1218\" \/>\n\t<meta property=\"og:image:height\" content=\"659\" \/>\n\t<meta property=\"og:image:type\" content=\"image\/jpeg\" \/>\n<meta name=\"twitter:card\" content=\"summary_large_image\" \/>\n<meta name=\"twitter:site\" content=\"@parkingsol\" \/>\n<meta name=\"twitter:label1\" content=\"Est. reading time\" \/>\n\t<meta name=\"twitter:data1\" content=\"2 minutes\" \/>\n<script type=\"application\/ld+json\" class=\"yoast-schema-graph\">{\"@context\":\"https:\/\/schema.org\",\"@graph\":[{\"@type\":\"WebPage\",\"@id\":\"https:\/\/parkingsolmediterraneo.com\/en\/legal-advice\/\",\"url\":\"https:\/\/parkingsolmediterraneo.com\/en\/legal-advice\/\",\"name\":\"Legal Advice - Parking Sol Mediterraneo Aeropuerto de M\u00e1laga\",\"isPartOf\":{\"@id\":\"http:\/\/parkingsolmediterraneo.com\/en\/#website\"},\"datePublished\":\"2017-03-29T16:23:34+00:00\",\"dateModified\":\"2017-03-29T16:25:21+00:00\",\"breadcrumb\":{\"@id\":\"https:\/\/parkingsolmediterraneo.com\/en\/legal-advice\/#breadcrumb\"},\"inLanguage\":\"en-US\",\"potentialAction\":[{\"@type\":\"ReadAction\",\"target\":[\"https:\/\/parkingsolmediterraneo.com\/en\/legal-advice\/\"]}]},{\"@type\":\"BreadcrumbList\",\"@id\":\"https:\/\/parkingsolmediterraneo.com\/en\/legal-advice\/#breadcrumb\",\"itemListElement\":[{\"@type\":\"ListItem\",\"position\":1,\"name\":\"Home\",\"item\":\"http:\/\/parkingsolmediterraneo.com\/en\/\"},{\"@type\":\"ListItem\",\"position\":2,\"name\":\"Legal Advice\"}]},{\"@type\":\"WebSite\",\"@id\":\"http:\/\/parkingsolmediterraneo.com\/en\/#website\",\"url\":\"http:\/\/parkingsolmediterraneo.com\/en\/\",\"name\":\"Parking Sol Mediterraneo Aeropuerto de M\u00e1laga\",\"description\":\"El parking m\u00e1s econ\u00f3mico en el Aeropuerto de M\u00e1laga\",\"publisher\":{\"@id\":\"http:\/\/parkingsolmediterraneo.com\/en\/#organization\"},\"potentialAction\":[{\"@type\":\"SearchAction\",\"target\":{\"@type\":\"EntryPoint\",\"urlTemplate\":\"http:\/\/parkingsolmediterraneo.com\/en\/?s={search_term_string}\"},\"query-input\":{\"@type\":\"PropertyValueSpecification\",\"valueRequired\":true,\"valueName\":\"search_term_string\"}}],\"inLanguage\":\"en-US\"},{\"@type\":[\"Organization\",\"Place\",\"LocalBusiness\"],\"@id\":\"http:\/\/parkingsolmediterraneo.com\/en\/#organization\",\"name\":\"Parking Sol Mediterraneo\",\"url\":\"http:\/\/parkingsolmediterraneo.com\/en\/\",\"logo\":{\"@id\":\"https:\/\/parkingsolmediterraneo.com\/en\/legal-advice\/#local-main-organization-logo\"},\"image\":{\"@id\":\"https:\/\/parkingsolmediterraneo.com\/en\/legal-advice\/#local-main-organization-logo\"},\"sameAs\":[\"https:\/\/www.facebook.com\/parkingsolmediterraneo\/\",\"https:\/\/x.com\/parkingsol\"],\"address\":{\"@id\":\"https:\/\/parkingsolmediterraneo.com\/en\/legal-advice\/#local-main-place-address\"},\"geo\":{\"@type\":\"GeoCoordinates\",\"latitude\":\"36.67222247556665\",\"longitude\":\"-4.480962794675755\"},\"telephone\":[\"952 243 050\"],\"openingHoursSpecification\":{\"@type\":\"OpeningHoursSpecification\",\"dayOfWeek\":[\"Monday\",\"Tuesday\",\"Wednesday\",\"Thursday\",\"Friday\",\"Saturday\",\"Sunday\"],\"opens\":\"00:00\",\"closes\":\"23:59\"},\"email\":\"info@parkingsolmediterraneo.com\",\"priceRange\":\"$\"},{\"@type\":\"PostalAddress\",\"@id\":\"https:\/\/parkingsolmediterraneo.com\/en\/legal-advice\/#local-main-place-address\",\"streetAddress\":\"Av. del Comandante Garc\u00eda Morato, 18. M\u00e1laga\",\"addressLocality\":\"M\u00e1laga\",\"postalCode\":\"29004\",\"addressRegion\":\"M\u00e1laga\",\"addressCountry\":\"ES\"},{\"@type\":\"ImageObject\",\"inLanguage\":\"en-US\",\"@id\":\"https:\/\/parkingsolmediterraneo.com\/en\/legal-advice\/#local-main-organization-logo\",\"url\":\"https:\/\/parkingsolmediterraneo.com\/wp-content\/uploads\/2017\/03\/logo_parking-mediterraneo_2_100.png\",\"contentUrl\":\"https:\/\/parkingsolmediterraneo.com\/wp-content\/uploads\/2017\/03\/logo_parking-mediterraneo_2_100.png\",\"width\":146,\"height\":100,\"caption\":\"Parking Sol Mediterraneo\"}]}<\/script>\n<meta name=\"geo.placename\" content=\"M\u00e1laga\" \/>\n<meta name=\"geo.position\" content=\"36.67222247556665;-4.480962794675755\" \/>\n<meta name=\"geo.region\" content=\"Spain\" \/>\n<!-- \/ Yoast SEO Premium plugin. -->","yoast_head_json":{"title":"Legal Advice - Parking Sol Mediterraneo Aeropuerto de M\u00e1laga","robots":{"index":"index","follow":"follow","max-snippet":"max-snippet:-1","max-image-preview":"max-image-preview:large","max-video-preview":"max-video-preview:-1"},"canonical":"https:\/\/parkingsolmediterraneo.com\/en\/legal-advice\/","og_locale":"en_US","og_type":"article","og_title":"Legal Advice","og_description":"[vc_row][vc_column][ultimate_heading main_heading=\"Legal Advice\" margin_design_tab_text=\"\"][\/ultimate_heading][ultimate_spacer height=\"30\"][\/vc_column][\/vc_row][vc_row][vc_column][vc_column_text] Augusto Jesus Santiago Garc\u00eda - Parking Sol Mediterraneo, with NIF\/CIF 25101599C, adreess Avda. Comandante Garc\u00eda Morato Numero 18, 29004 - Malaga (Malaga), can not assume any responsibility for the incorrect, inappropriate or illegal use of the information appearing on the websites of www.parkingsolmediterraneo.com. Within the limits established by law, www.parkingsolmediterraneo.com [&hellip;]","og_url":"https:\/\/parkingsolmediterraneo.com\/en\/legal-advice\/","og_site_name":"Parking Sol Mediterraneo Aeropuerto de M\u00e1laga","article_publisher":"https:\/\/www.facebook.com\/parkingsolmediterraneo\/","article_modified_time":"2017-03-29T16:25:21+00:00","og_image":[{"width":1218,"height":659,"url":"https:\/\/parkingsolmediterraneo.com\/wp-content\/uploads\/2021\/06\/parking-sol-portada-nueva.jpg","type":"image\/jpeg"}],"twitter_card":"summary_large_image","twitter_site":"@parkingsol","twitter_misc":{"Est. reading time":"2 minutes"},"schema":{"@context":"https:\/\/schema.org","@graph":[{"@type":"WebPage","@id":"https:\/\/parkingsolmediterraneo.com\/en\/legal-advice\/","url":"https:\/\/parkingsolmediterraneo.com\/en\/legal-advice\/","name":"Legal Advice - Parking Sol Mediterraneo Aeropuerto de M\u00e1laga","isPartOf":{"@id":"http:\/\/parkingsolmediterraneo.com\/en\/#website"},"datePublished":"2017-03-29T16:23:34+00:00","dateModified":"2017-03-29T16:25:21+00:00","breadcrumb":{"@id":"https:\/\/parkingsolmediterraneo.com\/en\/legal-advice\/#breadcrumb"},"inLanguage":"en-US","potentialAction":[{"@type":"ReadAction","target":["https:\/\/parkingsolmediterraneo.com\/en\/legal-advice\/"]}]},{"@type":"BreadcrumbList","@id":"https:\/\/parkingsolmediterraneo.com\/en\/legal-advice\/#breadcrumb","itemListElement":[{"@type":"ListItem","position":1,"name":"Home","item":"http:\/\/parkingsolmediterraneo.com\/en\/"},{"@type":"ListItem","position":2,"name":"Legal Advice"}]},{"@type":"WebSite","@id":"http:\/\/parkingsolmediterraneo.com\/en\/#website","url":"http:\/\/parkingsolmediterraneo.com\/en\/","name":"Parking Sol Mediterraneo Aeropuerto de M\u00e1laga","description":"El parking m\u00e1s econ\u00f3mico en el Aeropuerto de M\u00e1laga","publisher":{"@id":"http:\/\/parkingsolmediterraneo.com\/en\/#organization"},"potentialAction":[{"@type":"SearchAction","target":{"@type":"EntryPoint","urlTemplate":"http:\/\/parkingsolmediterraneo.com\/en\/?s={search_term_string}"},"query-input":{"@type":"PropertyValueSpecification","valueRequired":true,"valueName":"search_term_string"}}],"inLanguage":"en-US"},{"@type":["Organization","Place","LocalBusiness"],"@id":"http:\/\/parkingsolmediterraneo.com\/en\/#organization","name":"Parking Sol Mediterraneo","url":"http:\/\/parkingsolmediterraneo.com\/en\/","logo":{"@id":"https:\/\/parkingsolmediterraneo.com\/en\/legal-advice\/#local-main-organization-logo"},"image":{"@id":"https:\/\/parkingsolmediterraneo.com\/en\/legal-advice\/#local-main-organization-logo"},"sameAs":["https:\/\/www.facebook.com\/parkingsolmediterraneo\/","https:\/\/x.com\/parkingsol"],"address":{"@id":"https:\/\/parkingsolmediterraneo.com\/en\/legal-advice\/#local-main-place-address"},"geo":{"@type":"GeoCoordinates","latitude":"36.67222247556665","longitude":"-4.480962794675755"},"telephone":["952 243 050"],"openingHoursSpecification":{"@type":"OpeningHoursSpecification","dayOfWeek":["Monday","Tuesday","Wednesday","Thursday","Friday","Saturday","Sunday"],"opens":"00:00","closes":"23:59"},"email":"info@parkingsolmediterraneo.com","priceRange":"$"},{"@type":"PostalAddress","@id":"https:\/\/parkingsolmediterraneo.com\/en\/legal-advice\/#local-main-place-address","streetAddress":"Av. del Comandante Garc\u00eda Morato, 18. M\u00e1laga","addressLocality":"M\u00e1laga","postalCode":"29004","addressRegion":"M\u00e1laga","addressCountry":"ES"},{"@type":"ImageObject","inLanguage":"en-US","@id":"https:\/\/parkingsolmediterraneo.com\/en\/legal-advice\/#local-main-organization-logo","url":"https:\/\/parkingsolmediterraneo.com\/wp-content\/uploads\/2017\/03\/logo_parking-mediterraneo_2_100.png","contentUrl":"https:\/\/parkingsolmediterraneo.com\/wp-content\/uploads\/2017\/03\/logo_parking-mediterraneo_2_100.png","width":146,"height":100,"caption":"Parking Sol Mediterraneo"}]},"geo.placename":"M\u00e1laga","geo.position":{"lat":"36.67222247556665","long":"-4.480962794675755"},"geo.region":"Spain"},"_links":{"self":[{"href":"https:\/\/parkingsolmediterraneo.com\/en\/wp-json\/wp\/v2\/pages\/870","targetHints":{"allow":["GET"]}}],"collection":[{"href":"https:\/\/parkingsolmediterraneo.com\/en\/wp-json\/wp\/v2\/pages"}],"about":[{"href":"https:\/\/parkingsolmediterraneo.com\/en\/wp-json\/wp\/v2\/types\/page"}],"author":[{"embeddable":true,"href":"https:\/\/parkingsolmediterraneo.com\/en\/wp-json\/wp\/v2\/users\/1"}],"replies":[{"embeddable":true,"href":"https:\/\/parkingsolmediterraneo.com\/en\/wp-json\/wp\/v2\/comments?post=870"}],"version-history":[{"count":0,"href":"https:\/\/parkingsolmediterraneo.com\/en\/wp-json\/wp\/v2\/pages\/870\/revisions"}],"wp:attachment":[{"href":"https:\/\/parkingsolmediterraneo.com\/en\/wp-json\/wp\/v2\/media?parent=870"}],"curies":[{"name":"wp","href":"https:\/\/api.w.org\/{rel}","templated":true}]}}