{"id":802,"date":"2017-03-13T09:57:34","date_gmt":"2017-03-13T08:57:34","guid":{"rendered":"https:\/\/parkingsolmediterraneo.com\/?page_id=802\/"},"modified":"2017-03-13T12:29:49","modified_gmt":"2017-03-13T11:29:49","slug":"port-of-malaga-parking-rates","status":"publish","type":"page","link":"https:\/\/parkingsolmediterraneo.com\/en\/port-of-malaga-parking-rates\/","title":{"rendered":"Port of Malaga Parking Rates"},"content":{"rendered":"<p>[vc_row type=&#8221;vc_default&#8221; css=&#8221;.vc_custom_1486718737066{margin-right: 20px !important;margin-left: 20px !important;}&#8221;][vc_column][vc_row_inner][vc_column_inner][ultimate_heading main_heading=&#8221;Port of Malaga Parking Rates&#8221;][\/ultimate_heading][\/vc_column_inner][\/vc_row_inner][ult_tab_element tab_style=&#8221;Style_2&#8243; tab_animation=&#8221;Slide-Horizontal&#8221; tab_title_color=&#8221;#ffffff&#8221; tab_background_color=&#8221;#bcbcbc&#8221; acttab_title=&#8221;#ffffff&#8221; acttab_background=&#8221;#919191&#8243; disp_icon=&#8221;Disables&#8221; enable_bg_color=&#8221;#ffffcc&#8221; container_border_style1=&#8221;border-style:none;|border-radius:1px;&#8221; main_heading_font_family=&#8221;font_family:Roboto|font_call:Roboto|variant:300&#8243; title_font_size=&#8221;desktop:14px;&#8221; title_font_style=&#8221;font-weight:300;&#8221;][single_tab icon=&#8221;Defaults-sun-o&#8221; title=&#8221;Parking&#8221; tab_id=&#8221;c08f96ab-953f-26ba0-52949e33-58b3&#8243;][vc_row_inner][vc_column_inner width=&#8221;1\/2&#8243;][ultimate_heading main_heading=&#8221;Rates&#8221; main_heading_color=&#8221;#ef3737&#8243; sub_heading_color=&#8221;#e23434&#8243; alignment=&#8221;left&#8221; sub_heading_font_size=&#8221;desktop:16px;&#8221; main_heading_style=&#8221;font-weight:bold;&#8221; main_heading_font_size=&#8221;desktop:20px;&#8221;][\/ultimate_heading][vc_column_text css=&#8221;.vc_custom_1489404328742{margin-top: 10px !important;}&#8221;]\n<table id=\"tablepress-Port\" class=\"tablepress tablepress-id-Port\">\n<tbody class=\"row-striping row-hover\">\n<tr class=\"row-1\">\n\t<td class=\"column-1\">1 Day<\/td><td class=\"column-2\">36,00 \u20ac<\/td><td class=\"column-3\">9 Days<\/td><td class=\"column-4\">81,00 \u20ac<\/td>\n<\/tr>\n<tr class=\"row-2\">\n\t<td class=\"column-1\">2 Days<\/td><td class=\"column-2\">36,00 \u20ac<\/td><td class=\"column-3\">10 Days<\/td><td class=\"column-4\">90,00 \u20ac<\/td>\n<\/tr>\n<tr class=\"row-3\">\n\t<td class=\"column-1\">3 Days<\/td><td class=\"column-2\">36,00 \u20ac<\/td><td class=\"column-3\">11 Days<\/td><td class=\"column-4\">99,00 \u20ac<\/td>\n<\/tr>\n<tr class=\"row-4\">\n\t<td class=\"column-1\">4 Days<\/td><td class=\"column-2\">36,00 \u20ac<\/td><td class=\"column-3\">12 Days<\/td><td class=\"column-4\">108,00 \u20ac<\/td>\n<\/tr>\n<tr class=\"row-5\">\n\t<td class=\"column-1\">5 Days<\/td><td class=\"column-2\">45,00 \u20ac<\/td><td class=\"column-3\">13 Days<\/td><td class=\"column-4\">108,00 \u20ac<\/td>\n<\/tr>\n<tr class=\"row-6\">\n\t<td class=\"column-1\">6 Days<\/td><td class=\"column-2\">54,00 \u20ac<\/td><td class=\"column-3\">14 Days<\/td><td class=\"column-4\">108,00 \u20ac<\/td>\n<\/tr>\n<tr class=\"row-7\">\n\t<td class=\"column-1\">7 Days<\/td><td class=\"column-2\">63,00 \u20ac<\/td><td class=\"column-3\">15 Days<\/td><td class=\"column-4\">108,00 \u20ac<\/td>\n<\/tr>\n<tr class=\"row-8\">\n\t<td class=\"column-1\">8 Days<\/td><td class=\"column-2\">72,00 \u20ac<\/td><td class=\"column-3\">16 - 30 Days<\/td><td class=\"column-4\">108,00 \u20ac<\/td>\n<\/tr>\n<\/tbody>\n<\/table>\n<!-- #tablepress-Port from cache -->[\/vc_column_text][\/vc_column_inner][vc_column_inner width=&#8221;1\/2&#8243;][ultimate_spacer height=&#8221;25&#8243;][vc_column_text css=&#8221;.vc_custom_1489404585556{margin-top: 10px !important;}&#8221;]\n<table id=\"tablepress-Port_Large\" class=\"tablepress tablepress-id-Port_Large tbody-has-connected-cells\">\n<tbody class=\"row-striping row-hover\">\n<tr class=\"row-1\">\n\t<td colspan=\"2\" class=\"column-1\"><p style=\"text-align: center; color: #e23434;\">1 Month Contract<\/p><\/td>\n<\/tr>\n<tr class=\"row-2\">\n\t<td class=\"column-1\">1 Month Contract...(3,60 \u20ac day)<\/td><td class=\"column-2\"><p style=\"text-align:right;\"> 108,00 \u20ac<\/p><\/td>\n<\/tr>\n<\/tbody>\n<\/table>\n<!-- #tablepress-Port_Large from cache -->[\/vc_column_text][\/vc_column_inner][\/vc_row_inner][vc_row_inner][vc_column_inner][vc_column_text]<em>Terms:<\/em><\/p>\n<p>The rates apply to full days (days of entry and exit are included as complete).<\/p>\n<p>VAT included in the price.[\/vc_column_text][dt_button link=&#8221;https:\/\/parkingsolmediterraneo.com\/en\/booking\/&#8221; button_alignment=&#8221;center&#8221; size=&#8221;big&#8221;]Booking[\/dt_button][\/vc_column_inner][\/vc_row_inner][\/single_tab][\/ult_tab_element][\/vc_column][\/vc_row][vc_row][vc_column width=&#8221;1\/3&#8243;][dt_teaser image_id=&#8221;372&#8243; misc_link=&#8221;https:\/\/parkingsolmediterraneo.com\/en\/malaga-airport-parking-rates\/&#8221; target=&#8221;self&#8221; style=&#8221;2&#8243; image_hovers=&#8221;false&#8221; content_size=&#8221;small&#8221; background=&#8221;plain&#8221;]<\/p>\n<h4 style=\"text-align: center;\"><span style=\"color: #f23610;\">Malaga Airport Parking<\/span><\/h4>\n<p>[\/dt_teaser][\/vc_column][vc_column width=&#8221;1\/3&#8243;][dt_teaser image_id=&#8221;368&#8243; misc_link=&#8221;https:\/\/parkingsolmediterraneo.com\/en\/port-of-malaga-parking-rates\/&#8221; target=&#8221;self&#8221; style=&#8221;2&#8243; image_hovers=&#8221;false&#8221; content_size=&#8221;small&#8221; background=&#8221;plain&#8221;]<\/p>\n<h4 style=\"text-align: center;\"><span style=\"color: #f23610;\">Port of \u00a0Malaga Parking<\/span><\/h4>\n<p>[\/dt_teaser][\/vc_column][vc_column width=&#8221;1\/3&#8243;][dt_teaser image_id=&#8221;369&#8243; misc_link=&#8221;https:\/\/parkingsolmediterraneo.com\/en\/commuter-ave-rates\/&#8221; target=&#8221;self&#8221; style=&#8221;2&#8243; image_hovers=&#8221;false&#8221; content_size=&#8221;small&#8221; background=&#8221;plain&#8221;]<\/p>\n<h4 style=\"text-align: center;\"><span style=\"color: #f23610;\">Commuter AVE Parking<\/span><\/h4>\n<p>[\/dt_teaser][\/vc_column][\/vc_row]<\/p>\n\n\n<div class=\"kk-star-ratings kksr-auto kksr-align-center kksr-valign-bottom\"\n    data-payload='{&quot;align&quot;:&quot;center&quot;,&quot;id&quot;:&quot;802&quot;,&quot;slug&quot;:&quot;default&quot;,&quot;valign&quot;:&quot;bottom&quot;,&quot;ignore&quot;:&quot;&quot;,&quot;reference&quot;:&quot;auto&quot;,&quot;class&quot;:&quot;&quot;,&quot;count&quot;:&quot;0&quot;,&quot;legendonly&quot;:&quot;&quot;,&quot;readonly&quot;:&quot;&quot;,&quot;score&quot;:&quot;0&quot;,&quot;starsonly&quot;:&quot;&quot;,&quot;best&quot;:&quot;5&quot;,&quot;gap&quot;:&quot;4&quot;,&quot;greet&quot;:&quot;&quot;,&quot;legend&quot;:&quot;0\\\/5 - (0 votes)&quot;,&quot;size&quot;:&quot;20&quot;,&quot;title&quot;:&quot;Port of Malaga Parking Rates&quot;,&quot;width&quot;:&quot;0&quot;,&quot;_legend&quot;:&quot;{score}\\\/{best} - ({count} {votes})&quot;,&quot;font_factor&quot;:&quot;1.25&quot;}'>\n            \n<div class=\"kksr-stars\">\n    \n<div class=\"kksr-stars-inactive\">\n            <div class=\"kksr-star\" data-star=\"1\" style=\"padding-right: 4px\">\n            \n\n<div class=\"kksr-icon\" style=\"width: 20px; height: 20px;\"><\/div>\n        <\/div>\n            <div class=\"kksr-star\" data-star=\"2\" style=\"padding-right: 4px\">\n            \n\n<div class=\"kksr-icon\" style=\"width: 20px; height: 20px;\"><\/div>\n        <\/div>\n            <div class=\"kksr-star\" data-star=\"3\" style=\"padding-right: 4px\">\n            \n\n<div class=\"kksr-icon\" style=\"width: 20px; height: 20px;\"><\/div>\n        <\/div>\n            <div class=\"kksr-star\" data-star=\"4\" style=\"padding-right: 4px\">\n            \n\n<div class=\"kksr-icon\" style=\"width: 20px; height: 20px;\"><\/div>\n        <\/div>\n            <div class=\"kksr-star\" data-star=\"5\" style=\"padding-right: 4px\">\n            \n\n<div class=\"kksr-icon\" style=\"width: 20px; height: 20px;\"><\/div>\n        <\/div>\n    <\/div>\n    \n<div class=\"kksr-stars-active\" style=\"width: 0px;\">\n            <div class=\"kksr-star\" style=\"padding-right: 4px\">\n            \n\n<div class=\"kksr-icon\" style=\"width: 20px; height: 20px;\"><\/div>\n        <\/div>\n            <div class=\"kksr-star\" style=\"padding-right: 4px\">\n            \n\n<div class=\"kksr-icon\" style=\"width: 20px; height: 20px;\"><\/div>\n        <\/div>\n            <div class=\"kksr-star\" style=\"padding-right: 4px\">\n            \n\n<div class=\"kksr-icon\" style=\"width: 20px; height: 20px;\"><\/div>\n        <\/div>\n            <div class=\"kksr-star\" style=\"padding-right: 4px\">\n            \n\n<div class=\"kksr-icon\" style=\"width: 20px; height: 20px;\"><\/div>\n        <\/div>\n            <div class=\"kksr-star\" style=\"padding-right: 4px\">\n            \n\n<div class=\"kksr-icon\" style=\"width: 20px; height: 20px;\"><\/div>\n        <\/div>\n    <\/div>\n<\/div>\n                \n\n<div class=\"kksr-legend\" style=\"font-size: 16px;\">\n            <span class=\"kksr-muted\"><\/span>\n    <\/div>\n    <\/div>\n","protected":false},"excerpt":{"rendered":"<p>[vc_row type=&#8221;vc_default&#8221; css=&#8221;.vc_custom_1486718737066{margin-right: 20px !important;margin-left: 20px !important;}&#8221;][vc_column][vc_row_inner][vc_column_inner][ultimate_heading main_heading=&#8221;Port of Malaga Parking Rates&#8221;][\/ultimate_heading][\/vc_column_inner][\/vc_row_inner][ult_tab_element tab_style=&#8221;Style_2&#8243; tab_animation=&#8221;Slide-Horizontal&#8221; tab_title_color=&#8221;#ffffff&#8221; tab_background_color=&#8221;#bcbcbc&#8221; acttab_title=&#8221;#ffffff&#8221; acttab_background=&#8221;#919191&#8243; disp_icon=&#8221;Disables&#8221; enable_bg_color=&#8221;#ffffcc&#8221; container_border_style1=&#8221;border-style:none;|border-radius:1px;&#8221; main_heading_font_family=&#8221;font_family:Roboto|font_call:Roboto|variant:300&#8243; title_font_size=&#8221;desktop:14px;&#8221; title_font_style=&#8221;font-weight:300;&#8221;][single_tab icon=&#8221;Defaults-sun-o&#8221; title=&#8221;Parking&#8221; tab_id=&#8221;c08f96ab-953f-26ba0-52949e33-58b3&#8243;][vc_row_inner][vc_column_inner width=&#8221;1\/2&#8243;][ultimate_heading main_heading=&#8221;Rates&#8221; main_heading_color=&#8221;#ef3737&#8243; sub_heading_color=&#8221;#e23434&#8243; alignment=&#8221;left&#8221; sub_heading_font_size=&#8221;desktop:16px;&#8221; main_heading_style=&#8221;font-weight:bold;&#8221; main_heading_font_size=&#8221;desktop:20px;&#8221;][\/ultimate_heading][vc_column_text css=&#8221;.vc_custom_1489404328742{margin-top: 10px !important;}&#8221;][\/vc_column_text][\/vc_column_inner][vc_column_inner width=&#8221;1\/2&#8243;][ultimate_spacer height=&#8221;25&#8243;][vc_column_text css=&#8221;.vc_custom_1489404585556{margin-top: 10px !important;}&#8221;][\/vc_column_text][\/vc_column_inner][\/vc_row_inner][vc_row_inner][vc_column_inner][vc_column_text]Terms: The rates apply to full days (days of entry and exit are [&hellip;]<\/p>\n","protected":false},"author":1,"featured_media":0,"parent":0,"menu_order":0,"comment_status":"closed","ping_status":"closed","template":"","meta":{"_et_pb_use_builder":"","_et_pb_old_content":"","_et_gb_content_width":"","footnotes":""},"class_list":["post-802","page","type-page","status-publish","hentry"],"yoast_head":"<!-- This site is optimized with the Yoast SEO Premium plugin v19.7 (Yoast SEO v27.2) - https:\/\/yoast.com\/product\/yoast-seo-premium-wordpress\/ -->\n<title>Port of Malaga Parking Rates - Parking Sol Mediterraneo Aeropuerto de M\u00e1laga<\/title>\n<meta name=\"robots\" content=\"index, follow, max-snippet:-1, max-image-preview:large, max-video-preview:-1\" \/>\n<link rel=\"canonical\" href=\"https:\/\/parkingsolmediterraneo.com\/en\/port-of-malaga-parking-rates\/\" \/>\n<meta property=\"og:locale\" content=\"en_US\" \/>\n<meta property=\"og:type\" content=\"article\" \/>\n<meta property=\"og:title\" content=\"Port of Malaga Parking Rates\" \/>\n<meta property=\"og:description\" content=\"[vc_row type=&#8221;vc_default&#8221; css=&#8221;.vc_custom_1486718737066{margin-right: 20px !important;margin-left: 20px !important;}&#8221;][vc_column][vc_row_inner][vc_column_inner][ultimate_heading main_heading=&#8221;Port of Malaga Parking Rates&#8221;][\/ultimate_heading][\/vc_column_inner][\/vc_row_inner][ult_tab_element tab_style=&#8221;Style_2&#8243; tab_animation=&#8221;Slide-Horizontal&#8221; tab_title_color=&#8221;#ffffff&#8221; tab_background_color=&#8221;#bcbcbc&#8221; acttab_title=&#8221;#ffffff&#8221; acttab_background=&#8221;#919191&#8243; disp_icon=&#8221;Disables&#8221; enable_bg_color=&#8221;#ffffcc&#8221; container_border_style1=&#8221;border-style:none;|border-radius:1px;&#8221; main_heading_font_family=&#8221;font_family:Roboto|font_call:Roboto|variant:300&#8243; title_font_size=&#8221;desktop:14px;&#8221; title_font_style=&#8221;font-weight:300;&#8221;][single_tab icon=&#8221;Defaults-sun-o&#8221; title=&#8221;Parking&#8221; tab_id=&#8221;c08f96ab-953f-26ba0-52949e33-58b3&#8243;][vc_row_inner][vc_column_inner width=&#8221;1\/2&#8243;][ultimate_heading main_heading=&#8221;Rates&#8221; main_heading_color=&#8221;#ef3737&#8243; sub_heading_color=&#8221;#e23434&#8243; alignment=&#8221;left&#8221; sub_heading_font_size=&#8221;desktop:16px;&#8221; main_heading_style=&#8221;font-weight:bold;&#8221; main_heading_font_size=&#8221;desktop:20px;&#8221;][\/ultimate_heading][vc_column_text css=&#8221;.vc_custom_1489404328742{margin-top: 10px !important;}&#8221;][\/vc_column_text][\/vc_column_inner][vc_column_inner width=&#8221;1\/2&#8243;][ultimate_spacer height=&#8221;25&#8243;][vc_column_text css=&#8221;.vc_custom_1489404585556{margin-top: 10px !important;}&#8221;][\/vc_column_text][\/vc_column_inner][\/vc_row_inner][vc_row_inner][vc_column_inner][vc_column_text]Terms: The rates apply to full days (days of entry and exit are [&hellip;]\" \/>\n<meta property=\"og:url\" content=\"https:\/\/parkingsolmediterraneo.com\/en\/port-of-malaga-parking-rates\/\" \/>\n<meta property=\"og:site_name\" content=\"Parking Sol Mediterraneo Aeropuerto de M\u00e1laga\" \/>\n<meta property=\"article:publisher\" content=\"https:\/\/www.facebook.com\/parkingsolmediterraneo\/\" \/>\n<meta property=\"article:modified_time\" content=\"2017-03-13T11:29:49+00:00\" \/>\n<meta property=\"og:image\" content=\"https:\/\/parkingsolmediterraneo.com\/wp-content\/uploads\/2021\/06\/parking-sol-portada-nueva.jpg\" \/>\n\t<meta property=\"og:image:width\" content=\"1218\" \/>\n\t<meta property=\"og:image:height\" content=\"659\" \/>\n\t<meta property=\"og:image:type\" content=\"image\/jpeg\" \/>\n<meta name=\"twitter:card\" content=\"summary_large_image\" \/>\n<meta name=\"twitter:site\" content=\"@parkingsol\" \/>\n<meta name=\"twitter:label1\" content=\"Est. reading time\" \/>\n\t<meta name=\"twitter:data1\" content=\"2 minutes\" \/>\n<script type=\"application\/ld+json\" class=\"yoast-schema-graph\">{\"@context\":\"https:\/\/schema.org\",\"@graph\":[{\"@type\":\"WebPage\",\"@id\":\"https:\/\/parkingsolmediterraneo.com\/en\/port-of-malaga-parking-rates\/\",\"url\":\"https:\/\/parkingsolmediterraneo.com\/en\/port-of-malaga-parking-rates\/\",\"name\":\"Port of Malaga Parking Rates - Parking Sol Mediterraneo Aeropuerto de M\u00e1laga\",\"isPartOf\":{\"@id\":\"http:\/\/parkingsolmediterraneo.com\/#website\"},\"datePublished\":\"2017-03-13T08:57:34+00:00\",\"dateModified\":\"2017-03-13T11:29:49+00:00\",\"breadcrumb\":{\"@id\":\"https:\/\/parkingsolmediterraneo.com\/en\/port-of-malaga-parking-rates\/#breadcrumb\"},\"inLanguage\":\"en-US\",\"potentialAction\":[{\"@type\":\"ReadAction\",\"target\":[\"https:\/\/parkingsolmediterraneo.com\/en\/port-of-malaga-parking-rates\/\"]}]},{\"@type\":\"BreadcrumbList\",\"@id\":\"https:\/\/parkingsolmediterraneo.com\/en\/port-of-malaga-parking-rates\/#breadcrumb\",\"itemListElement\":[{\"@type\":\"ListItem\",\"position\":1,\"name\":\"Home\",\"item\":\"https:\/\/parkingsolmediterraneo.com\/en\/\"},{\"@type\":\"ListItem\",\"position\":2,\"name\":\"Port of Malaga Parking Rates\"}]},{\"@type\":\"WebSite\",\"@id\":\"http:\/\/parkingsolmediterraneo.com\/#website\",\"url\":\"http:\/\/parkingsolmediterraneo.com\/\",\"name\":\"Parking Sol Mediterraneo Aeropuerto de M\u00e1laga\",\"description\":\"El parking m\u00e1s econ\u00f3mico en el Aeropuerto de M\u00e1laga\",\"publisher\":{\"@id\":\"http:\/\/parkingsolmediterraneo.com\/#organization\"},\"potentialAction\":[{\"@type\":\"SearchAction\",\"target\":{\"@type\":\"EntryPoint\",\"urlTemplate\":\"http:\/\/parkingsolmediterraneo.com\/?s={search_term_string}\"},\"query-input\":{\"@type\":\"PropertyValueSpecification\",\"valueRequired\":true,\"valueName\":\"search_term_string\"}}],\"inLanguage\":\"en-US\"},{\"@type\":[\"Organization\",\"Place\",\"LocalBusiness\"],\"@id\":\"http:\/\/parkingsolmediterraneo.com\/#organization\",\"name\":\"Parking Sol Mediterraneo\",\"url\":\"http:\/\/parkingsolmediterraneo.com\/\",\"logo\":{\"@id\":\"https:\/\/parkingsolmediterraneo.com\/en\/port-of-malaga-parking-rates\/#local-main-organization-logo\"},\"image\":{\"@id\":\"https:\/\/parkingsolmediterraneo.com\/en\/port-of-malaga-parking-rates\/#local-main-organization-logo\"},\"sameAs\":[\"https:\/\/www.facebook.com\/parkingsolmediterraneo\/\",\"https:\/\/x.com\/parkingsol\"],\"address\":{\"@id\":\"https:\/\/parkingsolmediterraneo.com\/en\/port-of-malaga-parking-rates\/#local-main-place-address\"},\"geo\":{\"@type\":\"GeoCoordinates\",\"latitude\":\"36.67222247556665\",\"longitude\":\"-4.480962794675755\"},\"telephone\":[\"952 243 050\"],\"openingHoursSpecification\":{\"@type\":\"OpeningHoursSpecification\",\"dayOfWeek\":[\"Monday\",\"Tuesday\",\"Wednesday\",\"Thursday\",\"Friday\",\"Saturday\",\"Sunday\"],\"opens\":\"00:00\",\"closes\":\"23:59\"},\"email\":\"info@parkingsolmediterraneo.com\",\"priceRange\":\"$\"},{\"@type\":\"PostalAddress\",\"@id\":\"https:\/\/parkingsolmediterraneo.com\/en\/port-of-malaga-parking-rates\/#local-main-place-address\",\"streetAddress\":\"Av. del Comandante Garc\u00eda Morato, 18. M\u00e1laga\",\"addressLocality\":\"M\u00e1laga\",\"postalCode\":\"29004\",\"addressRegion\":\"M\u00e1laga\",\"addressCountry\":\"ES\"},{\"@type\":\"ImageObject\",\"inLanguage\":\"en-US\",\"@id\":\"https:\/\/parkingsolmediterraneo.com\/en\/port-of-malaga-parking-rates\/#local-main-organization-logo\",\"url\":\"https:\/\/parkingsolmediterraneo.com\/wp-content\/uploads\/2017\/03\/logo_parking-mediterraneo_2_100.png\",\"contentUrl\":\"https:\/\/parkingsolmediterraneo.com\/wp-content\/uploads\/2017\/03\/logo_parking-mediterraneo_2_100.png\",\"width\":146,\"height\":100,\"caption\":\"Parking Sol Mediterraneo\"}]}<\/script>\n<meta name=\"geo.placename\" content=\"M\u00e1laga\" \/>\n<meta name=\"geo.position\" content=\"36.67222247556665;-4.480962794675755\" \/>\n<meta name=\"geo.region\" content=\"Spain\" \/>\n<!-- \/ Yoast SEO Premium plugin. -->","yoast_head_json":{"title":"Port of Malaga Parking Rates - Parking Sol Mediterraneo Aeropuerto de M\u00e1laga","robots":{"index":"index","follow":"follow","max-snippet":"max-snippet:-1","max-image-preview":"max-image-preview:large","max-video-preview":"max-video-preview:-1"},"canonical":"https:\/\/parkingsolmediterraneo.com\/en\/port-of-malaga-parking-rates\/","og_locale":"en_US","og_type":"article","og_title":"Port of Malaga Parking Rates","og_description":"[vc_row type=&#8221;vc_default&#8221; css=&#8221;.vc_custom_1486718737066{margin-right: 20px !important;margin-left: 20px !important;}&#8221;][vc_column][vc_row_inner][vc_column_inner][ultimate_heading main_heading=&#8221;Port of Malaga Parking Rates&#8221;][\/ultimate_heading][\/vc_column_inner][\/vc_row_inner][ult_tab_element tab_style=&#8221;Style_2&#8243; tab_animation=&#8221;Slide-Horizontal&#8221; tab_title_color=&#8221;#ffffff&#8221; tab_background_color=&#8221;#bcbcbc&#8221; acttab_title=&#8221;#ffffff&#8221; acttab_background=&#8221;#919191&#8243; disp_icon=&#8221;Disables&#8221; enable_bg_color=&#8221;#ffffcc&#8221; container_border_style1=&#8221;border-style:none;|border-radius:1px;&#8221; main_heading_font_family=&#8221;font_family:Roboto|font_call:Roboto|variant:300&#8243; title_font_size=&#8221;desktop:14px;&#8221; title_font_style=&#8221;font-weight:300;&#8221;][single_tab icon=&#8221;Defaults-sun-o&#8221; title=&#8221;Parking&#8221; tab_id=&#8221;c08f96ab-953f-26ba0-52949e33-58b3&#8243;][vc_row_inner][vc_column_inner width=&#8221;1\/2&#8243;][ultimate_heading main_heading=&#8221;Rates&#8221; main_heading_color=&#8221;#ef3737&#8243; sub_heading_color=&#8221;#e23434&#8243; alignment=&#8221;left&#8221; sub_heading_font_size=&#8221;desktop:16px;&#8221; main_heading_style=&#8221;font-weight:bold;&#8221; main_heading_font_size=&#8221;desktop:20px;&#8221;][\/ultimate_heading][vc_column_text css=&#8221;.vc_custom_1489404328742{margin-top: 10px !important;}&#8221;][\/vc_column_text][\/vc_column_inner][vc_column_inner width=&#8221;1\/2&#8243;][ultimate_spacer height=&#8221;25&#8243;][vc_column_text css=&#8221;.vc_custom_1489404585556{margin-top: 10px !important;}&#8221;][\/vc_column_text][\/vc_column_inner][\/vc_row_inner][vc_row_inner][vc_column_inner][vc_column_text]Terms: The rates apply to full days (days of entry and exit are [&hellip;]","og_url":"https:\/\/parkingsolmediterraneo.com\/en\/port-of-malaga-parking-rates\/","og_site_name":"Parking Sol Mediterraneo Aeropuerto de M\u00e1laga","article_publisher":"https:\/\/www.facebook.com\/parkingsolmediterraneo\/","article_modified_time":"2017-03-13T11:29:49+00:00","og_image":[{"width":1218,"height":659,"url":"https:\/\/parkingsolmediterraneo.com\/wp-content\/uploads\/2021\/06\/parking-sol-portada-nueva.jpg","type":"image\/jpeg"}],"twitter_card":"summary_large_image","twitter_site":"@parkingsol","twitter_misc":{"Est. reading time":"2 minutes"},"schema":{"@context":"https:\/\/schema.org","@graph":[{"@type":"WebPage","@id":"https:\/\/parkingsolmediterraneo.com\/en\/port-of-malaga-parking-rates\/","url":"https:\/\/parkingsolmediterraneo.com\/en\/port-of-malaga-parking-rates\/","name":"Port of Malaga Parking Rates - Parking Sol Mediterraneo Aeropuerto de M\u00e1laga","isPartOf":{"@id":"http:\/\/parkingsolmediterraneo.com\/#website"},"datePublished":"2017-03-13T08:57:34+00:00","dateModified":"2017-03-13T11:29:49+00:00","breadcrumb":{"@id":"https:\/\/parkingsolmediterraneo.com\/en\/port-of-malaga-parking-rates\/#breadcrumb"},"inLanguage":"en-US","potentialAction":[{"@type":"ReadAction","target":["https:\/\/parkingsolmediterraneo.com\/en\/port-of-malaga-parking-rates\/"]}]},{"@type":"BreadcrumbList","@id":"https:\/\/parkingsolmediterraneo.com\/en\/port-of-malaga-parking-rates\/#breadcrumb","itemListElement":[{"@type":"ListItem","position":1,"name":"Home","item":"https:\/\/parkingsolmediterraneo.com\/en\/"},{"@type":"ListItem","position":2,"name":"Port of Malaga Parking Rates"}]},{"@type":"WebSite","@id":"http:\/\/parkingsolmediterraneo.com\/#website","url":"http:\/\/parkingsolmediterraneo.com\/","name":"Parking Sol Mediterraneo Aeropuerto de M\u00e1laga","description":"El parking m\u00e1s econ\u00f3mico en el Aeropuerto de M\u00e1laga","publisher":{"@id":"http:\/\/parkingsolmediterraneo.com\/#organization"},"potentialAction":[{"@type":"SearchAction","target":{"@type":"EntryPoint","urlTemplate":"http:\/\/parkingsolmediterraneo.com\/?s={search_term_string}"},"query-input":{"@type":"PropertyValueSpecification","valueRequired":true,"valueName":"search_term_string"}}],"inLanguage":"en-US"},{"@type":["Organization","Place","LocalBusiness"],"@id":"http:\/\/parkingsolmediterraneo.com\/#organization","name":"Parking Sol Mediterraneo","url":"http:\/\/parkingsolmediterraneo.com\/","logo":{"@id":"https:\/\/parkingsolmediterraneo.com\/en\/port-of-malaga-parking-rates\/#local-main-organization-logo"},"image":{"@id":"https:\/\/parkingsolmediterraneo.com\/en\/port-of-malaga-parking-rates\/#local-main-organization-logo"},"sameAs":["https:\/\/www.facebook.com\/parkingsolmediterraneo\/","https:\/\/x.com\/parkingsol"],"address":{"@id":"https:\/\/parkingsolmediterraneo.com\/en\/port-of-malaga-parking-rates\/#local-main-place-address"},"geo":{"@type":"GeoCoordinates","latitude":"36.67222247556665","longitude":"-4.480962794675755"},"telephone":["952 243 050"],"openingHoursSpecification":{"@type":"OpeningHoursSpecification","dayOfWeek":["Monday","Tuesday","Wednesday","Thursday","Friday","Saturday","Sunday"],"opens":"00:00","closes":"23:59"},"email":"info@parkingsolmediterraneo.com","priceRange":"$"},{"@type":"PostalAddress","@id":"https:\/\/parkingsolmediterraneo.com\/en\/port-of-malaga-parking-rates\/#local-main-place-address","streetAddress":"Av. del Comandante Garc\u00eda Morato, 18. M\u00e1laga","addressLocality":"M\u00e1laga","postalCode":"29004","addressRegion":"M\u00e1laga","addressCountry":"ES"},{"@type":"ImageObject","inLanguage":"en-US","@id":"https:\/\/parkingsolmediterraneo.com\/en\/port-of-malaga-parking-rates\/#local-main-organization-logo","url":"https:\/\/parkingsolmediterraneo.com\/wp-content\/uploads\/2017\/03\/logo_parking-mediterraneo_2_100.png","contentUrl":"https:\/\/parkingsolmediterraneo.com\/wp-content\/uploads\/2017\/03\/logo_parking-mediterraneo_2_100.png","width":146,"height":100,"caption":"Parking Sol Mediterraneo"}]},"geo.placename":"M\u00e1laga","geo.position":{"lat":"36.67222247556665","long":"-4.480962794675755"},"geo.region":"Spain"},"_links":{"self":[{"href":"https:\/\/parkingsolmediterraneo.com\/en\/wp-json\/wp\/v2\/pages\/802","targetHints":{"allow":["GET"]}}],"collection":[{"href":"https:\/\/parkingsolmediterraneo.com\/en\/wp-json\/wp\/v2\/pages"}],"about":[{"href":"https:\/\/parkingsolmediterraneo.com\/en\/wp-json\/wp\/v2\/types\/page"}],"author":[{"embeddable":true,"href":"https:\/\/parkingsolmediterraneo.com\/en\/wp-json\/wp\/v2\/users\/1"}],"replies":[{"embeddable":true,"href":"https:\/\/parkingsolmediterraneo.com\/en\/wp-json\/wp\/v2\/comments?post=802"}],"version-history":[{"count":0,"href":"https:\/\/parkingsolmediterraneo.com\/en\/wp-json\/wp\/v2\/pages\/802\/revisions"}],"wp:attachment":[{"href":"https:\/\/parkingsolmediterraneo.com\/en\/wp-json\/wp\/v2\/media?parent=802"}],"curies":[{"name":"wp","href":"https:\/\/api.w.org\/{rel}","templated":true}]}}