{"id":788,"date":"2017-03-13T09:13:55","date_gmt":"2017-03-13T08:13:55","guid":{"rendered":"https:\/\/parkingsolmediterraneo.com\/?page_id=788\/"},"modified":"2017-03-13T14:48:31","modified_gmt":"2017-03-13T13:48:31","slug":"parking-sol-mediterraneo-rates","status":"publish","type":"page","link":"https:\/\/parkingsolmediterraneo.com\/en\/parking-sol-mediterraneo-rates\/","title":{"rendered":"Parking Sol Mediterr\u00e1neo Rates"},"content":{"rendered":"<p>[vc_section css=&#8221;.vc_custom_1485865764045{border-radius: 3px !important;}&#8221;][vc_row type=&#8221;vc_default&#8221; equal_height=&#8221;yes&#8221;][vc_column width=&#8221;1\/3&#8243;][dt_teaser image_id=&#8221;132&#8243; misc_link=&#8221;https:\/\/parkingsolmediterraneo.com\/en\/malaga-airport-parking-rates\/&#8221; target=&#8221;self&#8221; style=&#8221;2&#8243; content_size=&#8221;normal&#8221; background=&#8221;plain&#8221;]<\/p>\n<h4 style=\"text-align: center;\"><span style=\"color: #e53310;\">Malaga Airport Parking<\/span><\/h4>\n<p>[\/dt_teaser][ultimate_spacer height=&#8221;10&#8243; height_on_mob=&#8221;10&#8243;][\/vc_column][vc_column width=&#8221;1\/3&#8243;][dt_teaser image_id=&#8221;133&#8243; misc_link=&#8221;https:\/\/parkingsolmediterraneo.com\/en\/port-of-malaga-parking-rates\/&#8221; target=&#8221;self&#8221; style=&#8221;2&#8243; content_size=&#8221;normal&#8221; background=&#8221;plain&#8221;]<\/p>\n<h4 style=\"text-align: center;\"><span style=\"color: #e53310;\">Port of Malaga<\/span><\/h4>\n<p>[\/dt_teaser][ultimate_spacer height=&#8221;10&#8243; height_on_mob=&#8221;10&#8243;][\/vc_column][vc_column width=&#8221;1\/3&#8243;][dt_teaser image_id=&#8221;134&#8243; misc_link=&#8221;https:\/\/parkingsolmediterraneo.com\/en\/commuter-ave-rates\/&#8221; target=&#8221;self&#8221; style=&#8221;2&#8243; content_size=&#8221;normal&#8221; background=&#8221;plain&#8221;]<\/p>\n<h4 style=\"text-align: center;\"><span style=\"color: #e53310;\">Commuter AVE<\/span><\/h4>\n<p>[\/dt_teaser][ultimate_spacer height=&#8221;10&#8243; height_on_mob=&#8221;10&#8243;][\/vc_column][vc_column width=&#8221;1\/6&#8243;][\/vc_column][vc_column width=&#8221;1\/3&#8243;][ultimate_spacer height=&#8221;10&#8243;][dt_teaser image_id=&#8221;135&#8243; misc_link=&#8221;https:\/\/parkingsolmediterraneo.com\/en\/caravan-parking-rates\/&#8221; target=&#8221;self&#8221; style=&#8221;2&#8243; content_size=&#8221;normal&#8221; background=&#8221;plain&#8221;]<\/p>\n<h4 style=\"text-align: center;\"><span style=\"color: #e53310;\">Caravans &#8211; Motorhomes<\/span><\/h4>\n<p>[\/dt_teaser][ultimate_spacer height=&#8221;10&#8243; height_on_mob=&#8221;10&#8243;][\/vc_column][vc_column width=&#8221;1\/3&#8243;][ultimate_spacer height=&#8221;10&#8243;][dt_teaser image_id=&#8221;136&#8243; misc_link=&#8221;https:\/\/parkingsolmediterraneo.com\/en\/carwash-upholstery-mechanical-rates\/&#8221; target=&#8221;self&#8221; style=&#8221;2&#8243; content_size=&#8221;normal&#8221; background=&#8221;plain&#8221;]<\/p>\n<h4 style=\"text-align: center;\"><span style=\"color: #e53310;\">CarWash &#8211; Mechanical<\/span><\/h4>\n<p>[\/dt_teaser][\/vc_column][vc_column width=&#8221;1\/6&#8243;][\/vc_column][\/vc_row][\/vc_section]<\/p>\n\n\n<div class=\"kk-star-ratings kksr-auto kksr-align-center kksr-valign-bottom\"\n    data-payload='{&quot;align&quot;:&quot;center&quot;,&quot;id&quot;:&quot;788&quot;,&quot;slug&quot;:&quot;default&quot;,&quot;valign&quot;:&quot;bottom&quot;,&quot;ignore&quot;:&quot;&quot;,&quot;reference&quot;:&quot;auto&quot;,&quot;class&quot;:&quot;&quot;,&quot;count&quot;:&quot;0&quot;,&quot;legendonly&quot;:&quot;&quot;,&quot;readonly&quot;:&quot;&quot;,&quot;score&quot;:&quot;0&quot;,&quot;starsonly&quot;:&quot;&quot;,&quot;best&quot;:&quot;5&quot;,&quot;gap&quot;:&quot;4&quot;,&quot;greet&quot;:&quot;&quot;,&quot;legend&quot;:&quot;0\\\/5 - (0 votes)&quot;,&quot;size&quot;:&quot;20&quot;,&quot;title&quot;:&quot;Parking Sol Mediterr\u00e1neo Rates&quot;,&quot;width&quot;:&quot;0&quot;,&quot;_legend&quot;:&quot;{score}\\\/{best} - ({count} {votes})&quot;,&quot;font_factor&quot;:&quot;1.25&quot;}'>\n            \n<div class=\"kksr-stars\">\n    \n<div class=\"kksr-stars-inactive\">\n            <div class=\"kksr-star\" data-star=\"1\" style=\"padding-right: 4px\">\n            \n\n<div class=\"kksr-icon\" style=\"width: 20px; height: 20px;\"><\/div>\n        <\/div>\n            <div class=\"kksr-star\" data-star=\"2\" style=\"padding-right: 4px\">\n            \n\n<div class=\"kksr-icon\" style=\"width: 20px; height: 20px;\"><\/div>\n        <\/div>\n            <div class=\"kksr-star\" data-star=\"3\" style=\"padding-right: 4px\">\n            \n\n<div class=\"kksr-icon\" style=\"width: 20px; height: 20px;\"><\/div>\n        <\/div>\n            <div class=\"kksr-star\" data-star=\"4\" style=\"padding-right: 4px\">\n            \n\n<div class=\"kksr-icon\" style=\"width: 20px; height: 20px;\"><\/div>\n        <\/div>\n            <div class=\"kksr-star\" data-star=\"5\" style=\"padding-right: 4px\">\n            \n\n<div class=\"kksr-icon\" style=\"width: 20px; height: 20px;\"><\/div>\n        <\/div>\n    <\/div>\n    \n<div class=\"kksr-stars-active\" style=\"width: 0px;\">\n            <div class=\"kksr-star\" style=\"padding-right: 4px\">\n            \n\n<div class=\"kksr-icon\" style=\"width: 20px; height: 20px;\"><\/div>\n        <\/div>\n            <div class=\"kksr-star\" style=\"padding-right: 4px\">\n            \n\n<div class=\"kksr-icon\" style=\"width: 20px; height: 20px;\"><\/div>\n        <\/div>\n            <div class=\"kksr-star\" style=\"padding-right: 4px\">\n            \n\n<div class=\"kksr-icon\" style=\"width: 20px; height: 20px;\"><\/div>\n        <\/div>\n            <div class=\"kksr-star\" style=\"padding-right: 4px\">\n            \n\n<div class=\"kksr-icon\" style=\"width: 20px; height: 20px;\"><\/div>\n        <\/div>\n            <div class=\"kksr-star\" style=\"padding-right: 4px\">\n            \n\n<div class=\"kksr-icon\" style=\"width: 20px; height: 20px;\"><\/div>\n        <\/div>\n    <\/div>\n<\/div>\n                \n\n<div class=\"kksr-legend\" style=\"font-size: 16px;\">\n            <span class=\"kksr-muted\"><\/span>\n    <\/div>\n    <\/div>\n","protected":false},"excerpt":{"rendered":"<p>[vc_section css=&#8221;.vc_custom_1485865764045{border-radius: 3px !important;}&#8221;][vc_row type=&#8221;vc_default&#8221; equal_height=&#8221;yes&#8221;][vc_column width=&#8221;1\/3&#8243;][dt_teaser image_id=&#8221;132&#8243; misc_link=&#8221;https:\/\/parkingsolmediterraneo.com\/en\/malaga-airport-parking-rates\/&#8221; target=&#8221;self&#8221; style=&#8221;2&#8243; content_size=&#8221;normal&#8221; background=&#8221;plain&#8221;] Malaga Airport Parking [\/dt_teaser][ultimate_spacer height=&#8221;10&#8243; height_on_mob=&#8221;10&#8243;][\/vc_column][vc_column width=&#8221;1\/3&#8243;][dt_teaser image_id=&#8221;133&#8243; misc_link=&#8221;https:\/\/parkingsolmediterraneo.com\/en\/port-of-malaga-parking-rates\/&#8221; target=&#8221;self&#8221; style=&#8221;2&#8243; content_size=&#8221;normal&#8221; background=&#8221;plain&#8221;] Port of Malaga [\/dt_teaser][ultimate_spacer height=&#8221;10&#8243; height_on_mob=&#8221;10&#8243;][\/vc_column][vc_column width=&#8221;1\/3&#8243;][dt_teaser image_id=&#8221;134&#8243; misc_link=&#8221;https:\/\/parkingsolmediterraneo.com\/en\/commuter-ave-rates\/&#8221; target=&#8221;self&#8221; style=&#8221;2&#8243; content_size=&#8221;normal&#8221; background=&#8221;plain&#8221;] Commuter AVE [\/dt_teaser][ultimate_spacer height=&#8221;10&#8243; height_on_mob=&#8221;10&#8243;][\/vc_column][vc_column width=&#8221;1\/6&#8243;][\/vc_column][vc_column width=&#8221;1\/3&#8243;][ultimate_spacer height=&#8221;10&#8243;][dt_teaser image_id=&#8221;135&#8243; misc_link=&#8221;https:\/\/parkingsolmediterraneo.com\/en\/caravan-parking-rates\/&#8221; target=&#8221;self&#8221; style=&#8221;2&#8243; content_size=&#8221;normal&#8221; background=&#8221;plain&#8221;] Caravans &#8211; [&hellip;]<\/p>\n","protected":false},"author":1,"featured_media":0,"parent":0,"menu_order":0,"comment_status":"closed","ping_status":"closed","template":"","meta":{"_et_pb_use_builder":"","_et_pb_old_content":"","_et_gb_content_width":"","footnotes":""},"class_list":["post-788","page","type-page","status-publish","hentry"],"yoast_head":"<!-- This site is optimized with the Yoast SEO Premium plugin v19.7 (Yoast SEO v27.2) - https:\/\/yoast.com\/product\/yoast-seo-premium-wordpress\/ -->\n<title>Parking Sol Mediterr\u00e1neo Rates - Parking Sol Mediterraneo Aeropuerto de M\u00e1laga<\/title>\n<meta name=\"robots\" content=\"index, follow, max-snippet:-1, max-image-preview:large, max-video-preview:-1\" \/>\n<link rel=\"canonical\" href=\"https:\/\/parkingsolmediterraneo.com\/en\/parking-sol-mediterraneo-rates\/\" \/>\n<meta property=\"og:locale\" content=\"en_US\" \/>\n<meta property=\"og:type\" content=\"article\" \/>\n<meta property=\"og:title\" content=\"Parking Sol Mediterr\u00e1neo Rates\" \/>\n<meta property=\"og:description\" content=\"[vc_section css=&#8221;.vc_custom_1485865764045{border-radius: 3px !important;}&#8221;][vc_row type=&#8221;vc_default&#8221; equal_height=&#8221;yes&#8221;][vc_column width=&#8221;1\/3&#8243;][dt_teaser image_id=&#8221;132&#8243; misc_link=&#8221;https:\/\/parkingsolmediterraneo.com\/en\/malaga-airport-parking-rates\/&#8221; target=&#8221;self&#8221; style=&#8221;2&#8243; content_size=&#8221;normal&#8221; background=&#8221;plain&#8221;] Malaga Airport Parking [\/dt_teaser][ultimate_spacer height=&#8221;10&#8243; height_on_mob=&#8221;10&#8243;][\/vc_column][vc_column width=&#8221;1\/3&#8243;][dt_teaser image_id=&#8221;133&#8243; misc_link=&#8221;https:\/\/parkingsolmediterraneo.com\/en\/port-of-malaga-parking-rates\/&#8221; target=&#8221;self&#8221; style=&#8221;2&#8243; content_size=&#8221;normal&#8221; background=&#8221;plain&#8221;] Port of Malaga [\/dt_teaser][ultimate_spacer height=&#8221;10&#8243; height_on_mob=&#8221;10&#8243;][\/vc_column][vc_column width=&#8221;1\/3&#8243;][dt_teaser image_id=&#8221;134&#8243; misc_link=&#8221;https:\/\/parkingsolmediterraneo.com\/en\/commuter-ave-rates\/&#8221; target=&#8221;self&#8221; style=&#8221;2&#8243; content_size=&#8221;normal&#8221; background=&#8221;plain&#8221;] Commuter AVE [\/dt_teaser][ultimate_spacer height=&#8221;10&#8243; height_on_mob=&#8221;10&#8243;][\/vc_column][vc_column width=&#8221;1\/6&#8243;][\/vc_column][vc_column width=&#8221;1\/3&#8243;][ultimate_spacer height=&#8221;10&#8243;][dt_teaser image_id=&#8221;135&#8243; misc_link=&#8221;https:\/\/parkingsolmediterraneo.com\/en\/caravan-parking-rates\/&#8221; target=&#8221;self&#8221; style=&#8221;2&#8243; content_size=&#8221;normal&#8221; background=&#8221;plain&#8221;] Caravans &#8211; [&hellip;]\" \/>\n<meta property=\"og:url\" content=\"https:\/\/parkingsolmediterraneo.com\/en\/parking-sol-mediterraneo-rates\/\" \/>\n<meta property=\"og:site_name\" content=\"Parking Sol Mediterraneo Aeropuerto de M\u00e1laga\" \/>\n<meta property=\"article:publisher\" content=\"https:\/\/www.facebook.com\/parkingsolmediterraneo\/\" \/>\n<meta property=\"article:modified_time\" content=\"2017-03-13T13:48:31+00:00\" \/>\n<meta property=\"og:image\" content=\"https:\/\/parkingsolmediterraneo.com\/wp-content\/uploads\/2021\/06\/parking-sol-portada-nueva.jpg\" \/>\n\t<meta property=\"og:image:width\" content=\"1218\" \/>\n\t<meta property=\"og:image:height\" content=\"659\" \/>\n\t<meta property=\"og:image:type\" content=\"image\/jpeg\" \/>\n<meta name=\"twitter:card\" content=\"summary_large_image\" \/>\n<meta name=\"twitter:site\" content=\"@parkingsol\" \/>\n<meta name=\"twitter:label1\" content=\"Est. reading time\" \/>\n\t<meta name=\"twitter:data1\" content=\"1 minute\" \/>\n<script type=\"application\/ld+json\" class=\"yoast-schema-graph\">{\"@context\":\"https:\/\/schema.org\",\"@graph\":[{\"@type\":\"WebPage\",\"@id\":\"https:\/\/parkingsolmediterraneo.com\/en\/parking-sol-mediterraneo-rates\/\",\"url\":\"https:\/\/parkingsolmediterraneo.com\/en\/parking-sol-mediterraneo-rates\/\",\"name\":\"Parking Sol Mediterr\u00e1neo Rates - Parking Sol Mediterraneo Aeropuerto de M\u00e1laga\",\"isPartOf\":{\"@id\":\"https:\/\/parkingsolmediterraneo.com\/#website\"},\"datePublished\":\"2017-03-13T08:13:55+00:00\",\"dateModified\":\"2017-03-13T13:48:31+00:00\",\"breadcrumb\":{\"@id\":\"https:\/\/parkingsolmediterraneo.com\/en\/parking-sol-mediterraneo-rates\/#breadcrumb\"},\"inLanguage\":\"en-US\",\"potentialAction\":[{\"@type\":\"ReadAction\",\"target\":[\"https:\/\/parkingsolmediterraneo.com\/en\/parking-sol-mediterraneo-rates\/\"]}]},{\"@type\":\"BreadcrumbList\",\"@id\":\"https:\/\/parkingsolmediterraneo.com\/en\/parking-sol-mediterraneo-rates\/#breadcrumb\",\"itemListElement\":[{\"@type\":\"ListItem\",\"position\":1,\"name\":\"Home\",\"item\":\"https:\/\/parkingsolmediterraneo.com\/en\/\"},{\"@type\":\"ListItem\",\"position\":2,\"name\":\"Parking Sol Mediterr\u00e1neo Rates\"}]},{\"@type\":\"WebSite\",\"@id\":\"https:\/\/parkingsolmediterraneo.com\/#website\",\"url\":\"https:\/\/parkingsolmediterraneo.com\/\",\"name\":\"Parking Sol Mediterraneo Aeropuerto de M\u00e1laga\",\"description\":\"El parking m\u00e1s econ\u00f3mico en el Aeropuerto de M\u00e1laga\",\"publisher\":{\"@id\":\"https:\/\/parkingsolmediterraneo.com\/#organization\"},\"potentialAction\":[{\"@type\":\"SearchAction\",\"target\":{\"@type\":\"EntryPoint\",\"urlTemplate\":\"https:\/\/parkingsolmediterraneo.com\/?s={search_term_string}\"},\"query-input\":{\"@type\":\"PropertyValueSpecification\",\"valueRequired\":true,\"valueName\":\"search_term_string\"}}],\"inLanguage\":\"en-US\"},{\"@type\":[\"Organization\",\"Place\",\"LocalBusiness\"],\"@id\":\"https:\/\/parkingsolmediterraneo.com\/#organization\",\"name\":\"Parking Sol Mediterraneo\",\"url\":\"https:\/\/parkingsolmediterraneo.com\/\",\"logo\":{\"@id\":\"https:\/\/parkingsolmediterraneo.com\/en\/parking-sol-mediterraneo-rates\/#local-main-organization-logo\"},\"image\":{\"@id\":\"https:\/\/parkingsolmediterraneo.com\/en\/parking-sol-mediterraneo-rates\/#local-main-organization-logo\"},\"sameAs\":[\"https:\/\/www.facebook.com\/parkingsolmediterraneo\/\",\"https:\/\/x.com\/parkingsol\"],\"address\":{\"@id\":\"https:\/\/parkingsolmediterraneo.com\/en\/parking-sol-mediterraneo-rates\/#local-main-place-address\"},\"geo\":{\"@type\":\"GeoCoordinates\",\"latitude\":\"36.67222247556665\",\"longitude\":\"-4.480962794675755\"},\"telephone\":[\"952 243 050\"],\"openingHoursSpecification\":{\"@type\":\"OpeningHoursSpecification\",\"dayOfWeek\":[\"Monday\",\"Tuesday\",\"Wednesday\",\"Thursday\",\"Friday\",\"Saturday\",\"Sunday\"],\"opens\":\"00:00\",\"closes\":\"23:59\"},\"email\":\"info@parkingsolmediterraneo.com\",\"priceRange\":\"$\"},{\"@type\":\"PostalAddress\",\"@id\":\"https:\/\/parkingsolmediterraneo.com\/en\/parking-sol-mediterraneo-rates\/#local-main-place-address\",\"streetAddress\":\"Av. del Comandante Garc\u00eda Morato, 18. M\u00e1laga\",\"addressLocality\":\"M\u00e1laga\",\"postalCode\":\"29004\",\"addressRegion\":\"M\u00e1laga\",\"addressCountry\":\"ES\"},{\"@type\":\"ImageObject\",\"inLanguage\":\"en-US\",\"@id\":\"https:\/\/parkingsolmediterraneo.com\/en\/parking-sol-mediterraneo-rates\/#local-main-organization-logo\",\"url\":\"https:\/\/parkingsolmediterraneo.com\/wp-content\/uploads\/2017\/03\/logo_parking-mediterraneo_2_100.png\",\"contentUrl\":\"https:\/\/parkingsolmediterraneo.com\/wp-content\/uploads\/2017\/03\/logo_parking-mediterraneo_2_100.png\",\"width\":146,\"height\":100,\"caption\":\"Parking Sol Mediterraneo\"}]}<\/script>\n<meta name=\"geo.placename\" content=\"M\u00e1laga\" \/>\n<meta name=\"geo.position\" content=\"36.67222247556665;-4.480962794675755\" \/>\n<meta name=\"geo.region\" content=\"Spain\" \/>\n<!-- \/ Yoast SEO Premium plugin. -->","yoast_head_json":{"title":"Parking Sol Mediterr\u00e1neo Rates - Parking Sol Mediterraneo Aeropuerto de M\u00e1laga","robots":{"index":"index","follow":"follow","max-snippet":"max-snippet:-1","max-image-preview":"max-image-preview:large","max-video-preview":"max-video-preview:-1"},"canonical":"https:\/\/parkingsolmediterraneo.com\/en\/parking-sol-mediterraneo-rates\/","og_locale":"en_US","og_type":"article","og_title":"Parking Sol Mediterr\u00e1neo Rates","og_description":"[vc_section css=&#8221;.vc_custom_1485865764045{border-radius: 3px !important;}&#8221;][vc_row type=&#8221;vc_default&#8221; equal_height=&#8221;yes&#8221;][vc_column width=&#8221;1\/3&#8243;][dt_teaser image_id=&#8221;132&#8243; misc_link=&#8221;https:\/\/parkingsolmediterraneo.com\/en\/malaga-airport-parking-rates\/&#8221; target=&#8221;self&#8221; style=&#8221;2&#8243; content_size=&#8221;normal&#8221; background=&#8221;plain&#8221;] Malaga Airport Parking [\/dt_teaser][ultimate_spacer height=&#8221;10&#8243; height_on_mob=&#8221;10&#8243;][\/vc_column][vc_column width=&#8221;1\/3&#8243;][dt_teaser image_id=&#8221;133&#8243; misc_link=&#8221;https:\/\/parkingsolmediterraneo.com\/en\/port-of-malaga-parking-rates\/&#8221; target=&#8221;self&#8221; style=&#8221;2&#8243; content_size=&#8221;normal&#8221; background=&#8221;plain&#8221;] Port of Malaga [\/dt_teaser][ultimate_spacer height=&#8221;10&#8243; height_on_mob=&#8221;10&#8243;][\/vc_column][vc_column width=&#8221;1\/3&#8243;][dt_teaser image_id=&#8221;134&#8243; misc_link=&#8221;https:\/\/parkingsolmediterraneo.com\/en\/commuter-ave-rates\/&#8221; target=&#8221;self&#8221; style=&#8221;2&#8243; content_size=&#8221;normal&#8221; background=&#8221;plain&#8221;] Commuter AVE [\/dt_teaser][ultimate_spacer height=&#8221;10&#8243; height_on_mob=&#8221;10&#8243;][\/vc_column][vc_column width=&#8221;1\/6&#8243;][\/vc_column][vc_column width=&#8221;1\/3&#8243;][ultimate_spacer height=&#8221;10&#8243;][dt_teaser image_id=&#8221;135&#8243; misc_link=&#8221;https:\/\/parkingsolmediterraneo.com\/en\/caravan-parking-rates\/&#8221; target=&#8221;self&#8221; style=&#8221;2&#8243; content_size=&#8221;normal&#8221; background=&#8221;plain&#8221;] Caravans &#8211; [&hellip;]","og_url":"https:\/\/parkingsolmediterraneo.com\/en\/parking-sol-mediterraneo-rates\/","og_site_name":"Parking Sol Mediterraneo Aeropuerto de M\u00e1laga","article_publisher":"https:\/\/www.facebook.com\/parkingsolmediterraneo\/","article_modified_time":"2017-03-13T13:48:31+00:00","og_image":[{"width":1218,"height":659,"url":"https:\/\/parkingsolmediterraneo.com\/wp-content\/uploads\/2021\/06\/parking-sol-portada-nueva.jpg","type":"image\/jpeg"}],"twitter_card":"summary_large_image","twitter_site":"@parkingsol","twitter_misc":{"Est. reading time":"1 minute"},"schema":{"@context":"https:\/\/schema.org","@graph":[{"@type":"WebPage","@id":"https:\/\/parkingsolmediterraneo.com\/en\/parking-sol-mediterraneo-rates\/","url":"https:\/\/parkingsolmediterraneo.com\/en\/parking-sol-mediterraneo-rates\/","name":"Parking Sol Mediterr\u00e1neo Rates - Parking Sol Mediterraneo Aeropuerto de M\u00e1laga","isPartOf":{"@id":"https:\/\/parkingsolmediterraneo.com\/#website"},"datePublished":"2017-03-13T08:13:55+00:00","dateModified":"2017-03-13T13:48:31+00:00","breadcrumb":{"@id":"https:\/\/parkingsolmediterraneo.com\/en\/parking-sol-mediterraneo-rates\/#breadcrumb"},"inLanguage":"en-US","potentialAction":[{"@type":"ReadAction","target":["https:\/\/parkingsolmediterraneo.com\/en\/parking-sol-mediterraneo-rates\/"]}]},{"@type":"BreadcrumbList","@id":"https:\/\/parkingsolmediterraneo.com\/en\/parking-sol-mediterraneo-rates\/#breadcrumb","itemListElement":[{"@type":"ListItem","position":1,"name":"Home","item":"https:\/\/parkingsolmediterraneo.com\/en\/"},{"@type":"ListItem","position":2,"name":"Parking Sol Mediterr\u00e1neo Rates"}]},{"@type":"WebSite","@id":"https:\/\/parkingsolmediterraneo.com\/#website","url":"https:\/\/parkingsolmediterraneo.com\/","name":"Parking Sol Mediterraneo Aeropuerto de M\u00e1laga","description":"El parking m\u00e1s econ\u00f3mico en el Aeropuerto de M\u00e1laga","publisher":{"@id":"https:\/\/parkingsolmediterraneo.com\/#organization"},"potentialAction":[{"@type":"SearchAction","target":{"@type":"EntryPoint","urlTemplate":"https:\/\/parkingsolmediterraneo.com\/?s={search_term_string}"},"query-input":{"@type":"PropertyValueSpecification","valueRequired":true,"valueName":"search_term_string"}}],"inLanguage":"en-US"},{"@type":["Organization","Place","LocalBusiness"],"@id":"https:\/\/parkingsolmediterraneo.com\/#organization","name":"Parking Sol Mediterraneo","url":"https:\/\/parkingsolmediterraneo.com\/","logo":{"@id":"https:\/\/parkingsolmediterraneo.com\/en\/parking-sol-mediterraneo-rates\/#local-main-organization-logo"},"image":{"@id":"https:\/\/parkingsolmediterraneo.com\/en\/parking-sol-mediterraneo-rates\/#local-main-organization-logo"},"sameAs":["https:\/\/www.facebook.com\/parkingsolmediterraneo\/","https:\/\/x.com\/parkingsol"],"address":{"@id":"https:\/\/parkingsolmediterraneo.com\/en\/parking-sol-mediterraneo-rates\/#local-main-place-address"},"geo":{"@type":"GeoCoordinates","latitude":"36.67222247556665","longitude":"-4.480962794675755"},"telephone":["952 243 050"],"openingHoursSpecification":{"@type":"OpeningHoursSpecification","dayOfWeek":["Monday","Tuesday","Wednesday","Thursday","Friday","Saturday","Sunday"],"opens":"00:00","closes":"23:59"},"email":"info@parkingsolmediterraneo.com","priceRange":"$"},{"@type":"PostalAddress","@id":"https:\/\/parkingsolmediterraneo.com\/en\/parking-sol-mediterraneo-rates\/#local-main-place-address","streetAddress":"Av. del Comandante Garc\u00eda Morato, 18. M\u00e1laga","addressLocality":"M\u00e1laga","postalCode":"29004","addressRegion":"M\u00e1laga","addressCountry":"ES"},{"@type":"ImageObject","inLanguage":"en-US","@id":"https:\/\/parkingsolmediterraneo.com\/en\/parking-sol-mediterraneo-rates\/#local-main-organization-logo","url":"https:\/\/parkingsolmediterraneo.com\/wp-content\/uploads\/2017\/03\/logo_parking-mediterraneo_2_100.png","contentUrl":"https:\/\/parkingsolmediterraneo.com\/wp-content\/uploads\/2017\/03\/logo_parking-mediterraneo_2_100.png","width":146,"height":100,"caption":"Parking Sol Mediterraneo"}]},"geo.placename":"M\u00e1laga","geo.position":{"lat":"36.67222247556665","long":"-4.480962794675755"},"geo.region":"Spain"},"_links":{"self":[{"href":"https:\/\/parkingsolmediterraneo.com\/en\/wp-json\/wp\/v2\/pages\/788","targetHints":{"allow":["GET"]}}],"collection":[{"href":"https:\/\/parkingsolmediterraneo.com\/en\/wp-json\/wp\/v2\/pages"}],"about":[{"href":"https:\/\/parkingsolmediterraneo.com\/en\/wp-json\/wp\/v2\/types\/page"}],"author":[{"embeddable":true,"href":"https:\/\/parkingsolmediterraneo.com\/en\/wp-json\/wp\/v2\/users\/1"}],"replies":[{"embeddable":true,"href":"https:\/\/parkingsolmediterraneo.com\/en\/wp-json\/wp\/v2\/comments?post=788"}],"version-history":[{"count":0,"href":"https:\/\/parkingsolmediterraneo.com\/en\/wp-json\/wp\/v2\/pages\/788\/revisions"}],"wp:attachment":[{"href":"https:\/\/parkingsolmediterraneo.com\/en\/wp-json\/wp\/v2\/media?parent=788"}],"curies":[{"name":"wp","href":"https:\/\/api.w.org\/{rel}","templated":true}]}}