{"id":725,"date":"2017-03-08T17:53:18","date_gmt":"2017-03-08T16:53:18","guid":{"rendered":"https:\/\/parkingsolmediterraneo.com\/?page_id=725\/"},"modified":"2020-05-27T08:07:07","modified_gmt":"2020-05-27T06:07:07","slug":"about-us","status":"publish","type":"page","link":"https:\/\/parkingsolmediterraneo.com\/en\/about-us\/","title":{"rendered":"About us"},"content":{"rendered":"<p>[et_pb_section fb_built=&#8221;1&#8243; _builder_version=&#8221;3.22&#8243;][et_pb_row _builder_version=&#8221;4.3.2&#8243; max_width=&#8221;1440px&#8221; custom_margin=&#8221;||||false|false&#8221; custom_padding=&#8221;0px|0px|0|0px|false|false&#8221; use_custom_width=&#8221;on&#8221; custom_width_px=&#8221;1440px&#8221;][et_pb_column type=&#8221;4_4&#8243; _builder_version=&#8221;3.25&#8243; custom_padding=&#8221;|||&#8221; custom_padding__hover=&#8221;|||&#8221;][et_pb_text _builder_version=&#8221;4.4.7&#8243; text_font=&#8221;||||||||&#8221; header_font=&#8221;|700|||||||&#8221; header_text_align=&#8221;center&#8221; header_text_color=&#8221;#00457a&#8221; header_font_size=&#8221;35px&#8221; header_line_height=&#8221;1.1em&#8221; header_2_font=&#8221;||||||||&#8221; background_layout=&#8221;dark&#8221; module_alignment=&#8221;left&#8221; custom_margin=&#8221;||||false|false&#8221; header_font_size_tablet=&#8221;50px&#8221; header_font_size_phone=&#8221;34px&#8221; header_font_size_last_edited=&#8221;off|phone&#8221;]<\/p>\n<h1>About us<\/h1>\n<p>[\/et_pb_text][\/et_pb_column][\/et_pb_row][et_pb_row _builder_version=&#8221;3.25&#8243; background_size=&#8221;initial&#8221; background_position=&#8221;top_left&#8221; background_repeat=&#8221;repeat&#8221;][et_pb_column type=&#8221;4_4&#8243; _builder_version=&#8221;3.25&#8243; custom_padding=&#8221;|||&#8221; custom_padding__hover=&#8221;|||&#8221;][et_pb_text _builder_version=&#8221;4.4.7&#8243; background_size=&#8221;initial&#8221; background_position=&#8221;top_left&#8221; background_repeat=&#8221;repeat&#8221; hover_enabled=&#8221;0&#8243;]<\/p>\n<p><img loading=\"lazy\" decoding=\"async\" src=\"https:\/\/parkingsolmediterraneo.com\/wp-content\/uploads\/2017\/01\/Parking-Sol-Mediterraneo-Portada_recortada-1024x275.jpg\" width=\"1024\" height=\"275\" alt=\"\" class=\"wp-image-1500 aligncenter size-large\" \/><\/p>\n<p>&#8220;Parking del Mediterrr\u00e1neo&#8221; began its activity in Malaga in the year 1997 as a family business engaged primarily in the public parking near the M\u00e1laga International Airport.<\/p>\n<p>Thanks to the trust we have placed all our clients we tried to improve ourselves a little more in our desire to provide the best service with the best quality &#8211; price ratio, which is why in 2007 &#8220;Parking del Mediterr\u00e1neo&#8221; moved their facilities to the same main road from M\u00e1laga airport, just one minute from the terminal,<br \/> thereby improving travel time as those contained terminal therein.<\/p>\n<p>In middle of the year 2009, &#8220;Parking del Mediterr\u00e1neo&#8221; acquires the customer portfolio of another big sector, &#8220;Parking Sol&#8221;; creating a new and exciting project that improves day by day and aspires to be a reference quality service to M\u00e1laga, which they can enjoy all those travelers departing from M\u00e1laga airport.<\/p>\n<p>Born like Parking &#8220;Sol&#8221; Mediterraneo, with more than 46.000 clients between individuals and companies that trust us and that is why we create such new facilities in the north access of the airport with the best service and unbeatable prices.<\/p>\n<p>For all this Parking &#8220;Sol&#8221; Mediterraneo is the solution to your parking problems.<\/p>\n<p>[\/et_pb_text][et_pb_button button_url=&#8221;https:\/\/parkingsolmediterraneo.com\/en\/booking\/&#8221; button_text=&#8221;Book now&#8221; button_alignment=&#8221;center&#8221; _builder_version=&#8221;4.4.7&#8243; custom_button=&#8221;on&#8221; button_text_size=&#8221;17px&#8221; button_text_color=&#8221;#ffffff&#8221; button_bg_color=&#8221;#e09900&#8243; button_bg_color_gradient_start=&#8221;#d80a00&#8243; button_bg_color_gradient_end=&#8221;#a31d13&#8243; button_border_width=&#8221;0px&#8221; button_border_color=&#8221;#faa152&#8243; button_border_radius=&#8221;4px&#8221; button_font=&#8221;|600|||||||&#8221; button_icon=&#8221;%%370%%&#8221; button_icon_placement=&#8221;left&#8221; button_on_hover=&#8221;off&#8221; background_layout=&#8221;dark&#8221; custom_margin=&#8221;15px||||false|false&#8221; custom_margin_tablet=&#8221;||0px|&#8221; custom_margin_phone=&#8221;&#8221; custom_margin_last_edited=&#8221;on|tablet&#8221; custom_padding=&#8221;12px|139px|12px|139px|true|true&#8221; hover_enabled=&#8221;0&#8243; locked=&#8221;off&#8221; button_text_size__hover_enabled=&#8221;off&#8221; button_one_text_size__hover_enabled=&#8221;off&#8221; button_two_text_size__hover_enabled=&#8221;off&#8221; button_text_color__hover_enabled=&#8221;off&#8221; button_one_text_color__hover_enabled=&#8221;off&#8221; button_two_text_color__hover_enabled=&#8221;off&#8221; button_border_width__hover_enabled=&#8221;off&#8221; button_one_border_width__hover_enabled=&#8221;off&#8221; button_two_border_width__hover_enabled=&#8221;off&#8221; button_border_color__hover_enabled=&#8221;off&#8221; button_one_border_color__hover_enabled=&#8221;off&#8221; button_two_border_color__hover_enabled=&#8221;off&#8221; button_border_radius__hover_enabled=&#8221;off&#8221; button_one_border_radius__hover_enabled=&#8221;off&#8221; button_two_border_radius__hover_enabled=&#8221;off&#8221; button_letter_spacing__hover_enabled=&#8221;off&#8221; button_one_letter_spacing__hover_enabled=&#8221;off&#8221; button_two_letter_spacing__hover_enabled=&#8221;off&#8221; button_bg_color__hover_enabled=&#8221;off&#8221; button_one_bg_color__hover_enabled=&#8221;off&#8221; button_two_bg_color__hover_enabled=&#8221;off&#8221; custom_padding_last_edited=&#8221;on|phone&#8221; custom_padding_phone=&#8221;12px|75px|12px|75px|true|true&#8221;][\/et_pb_button][\/et_pb_column][\/et_pb_row][\/et_pb_section]<\/p>\n\n\n<div class=\"kk-star-ratings kksr-auto kksr-align-center kksr-valign-bottom\"\n    data-payload='{&quot;align&quot;:&quot;center&quot;,&quot;id&quot;:&quot;725&quot;,&quot;slug&quot;:&quot;default&quot;,&quot;valign&quot;:&quot;bottom&quot;,&quot;ignore&quot;:&quot;&quot;,&quot;reference&quot;:&quot;auto&quot;,&quot;class&quot;:&quot;&quot;,&quot;count&quot;:&quot;0&quot;,&quot;legendonly&quot;:&quot;&quot;,&quot;readonly&quot;:&quot;&quot;,&quot;score&quot;:&quot;0&quot;,&quot;starsonly&quot;:&quot;&quot;,&quot;best&quot;:&quot;5&quot;,&quot;gap&quot;:&quot;4&quot;,&quot;greet&quot;:&quot;&quot;,&quot;legend&quot;:&quot;0\\\/5 - (0 votes)&quot;,&quot;size&quot;:&quot;20&quot;,&quot;title&quot;:&quot;About us&quot;,&quot;width&quot;:&quot;0&quot;,&quot;_legend&quot;:&quot;{score}\\\/{best} - ({count} {votes})&quot;,&quot;font_factor&quot;:&quot;1.25&quot;}'>\n            \n<div class=\"kksr-stars\">\n    \n<div class=\"kksr-stars-inactive\">\n            <div class=\"kksr-star\" data-star=\"1\" style=\"padding-right: 4px\">\n            \n\n<div class=\"kksr-icon\" style=\"width: 20px; height: 20px;\"><\/div>\n        <\/div>\n            <div class=\"kksr-star\" data-star=\"2\" style=\"padding-right: 4px\">\n            \n\n<div class=\"kksr-icon\" style=\"width: 20px; height: 20px;\"><\/div>\n        <\/div>\n            <div class=\"kksr-star\" data-star=\"3\" style=\"padding-right: 4px\">\n            \n\n<div class=\"kksr-icon\" style=\"width: 20px; height: 20px;\"><\/div>\n        <\/div>\n            <div class=\"kksr-star\" data-star=\"4\" style=\"padding-right: 4px\">\n            \n\n<div class=\"kksr-icon\" style=\"width: 20px; height: 20px;\"><\/div>\n        <\/div>\n            <div class=\"kksr-star\" data-star=\"5\" style=\"padding-right: 4px\">\n            \n\n<div class=\"kksr-icon\" style=\"width: 20px; height: 20px;\"><\/div>\n        <\/div>\n    <\/div>\n    \n<div class=\"kksr-stars-active\" style=\"width: 0px;\">\n            <div class=\"kksr-star\" style=\"padding-right: 4px\">\n            \n\n<div class=\"kksr-icon\" style=\"width: 20px; height: 20px;\"><\/div>\n        <\/div>\n            <div class=\"kksr-star\" style=\"padding-right: 4px\">\n            \n\n<div class=\"kksr-icon\" style=\"width: 20px; height: 20px;\"><\/div>\n        <\/div>\n            <div class=\"kksr-star\" style=\"padding-right: 4px\">\n            \n\n<div class=\"kksr-icon\" style=\"width: 20px; height: 20px;\"><\/div>\n        <\/div>\n            <div class=\"kksr-star\" style=\"padding-right: 4px\">\n            \n\n<div class=\"kksr-icon\" style=\"width: 20px; height: 20px;\"><\/div>\n        <\/div>\n            <div class=\"kksr-star\" style=\"padding-right: 4px\">\n            \n\n<div class=\"kksr-icon\" style=\"width: 20px; height: 20px;\"><\/div>\n        <\/div>\n    <\/div>\n<\/div>\n                \n\n<div class=\"kksr-legend\" style=\"font-size: 16px;\">\n            <span class=\"kksr-muted\"><\/span>\n    <\/div>\n    <\/div>\n","protected":false},"excerpt":{"rendered":"<p>About us &#8220;Parking del Mediterrr\u00e1neo&#8221; began its activity in Malaga in the year 1997 as a family business engaged primarily in the public parking near the M\u00e1laga International Airport. Thanks to the trust we have placed all our clients we tried to improve ourselves a little more in our desire to provide the best service [&hellip;]<\/p>\n","protected":false},"author":1,"featured_media":0,"parent":0,"menu_order":0,"comment_status":"closed","ping_status":"closed","template":"","meta":{"_et_pb_use_builder":"on","_et_pb_old_content":"","_et_gb_content_width":"","footnotes":""},"class_list":["post-725","page","type-page","status-publish","hentry"],"yoast_head":"<!-- This site is optimized with the Yoast SEO Premium plugin v19.7 (Yoast SEO v27.2) - https:\/\/yoast.com\/product\/yoast-seo-premium-wordpress\/ -->\n<title>About us - Parking Sol Mediterraneo Aeropuerto de M\u00e1laga<\/title>\n<meta name=\"robots\" content=\"index, follow, max-snippet:-1, max-image-preview:large, max-video-preview:-1\" \/>\n<link rel=\"canonical\" href=\"https:\/\/parkingsolmediterraneo.com\/en\/about-us\/\" \/>\n<meta property=\"og:locale\" content=\"en_US\" \/>\n<meta property=\"og:type\" content=\"article\" \/>\n<meta property=\"og:title\" content=\"About us\" \/>\n<meta property=\"og:description\" content=\"About us &quot;Parking del Mediterrr\u00e1neo&quot; began its activity in Malaga in the year 1997 as a family business engaged primarily in the public parking near the M\u00e1laga International Airport. Thanks to the trust we have placed all our clients we tried to improve ourselves a little more in our desire to provide the best service [&hellip;]\" \/>\n<meta property=\"og:url\" content=\"https:\/\/parkingsolmediterraneo.com\/en\/about-us\/\" \/>\n<meta property=\"og:site_name\" content=\"Parking Sol Mediterraneo Aeropuerto de M\u00e1laga\" \/>\n<meta property=\"article:publisher\" content=\"https:\/\/www.facebook.com\/parkingsolmediterraneo\/\" \/>\n<meta property=\"article:modified_time\" content=\"2020-05-27T06:07:07+00:00\" \/>\n<meta property=\"og:image\" content=\"https:\/\/parkingsolmediterraneo.com\/wp-content\/uploads\/2017\/01\/Parking-Sol-Mediterraneo-Portada_recortada-1024x275.jpg\" \/>\n<meta name=\"twitter:card\" content=\"summary_large_image\" \/>\n<meta name=\"twitter:site\" content=\"@parkingsol\" \/>\n<meta name=\"twitter:label1\" content=\"Est. reading time\" \/>\n\t<meta name=\"twitter:data1\" content=\"3 minutes\" \/>\n<script type=\"application\/ld+json\" class=\"yoast-schema-graph\">{\"@context\":\"https:\/\/schema.org\",\"@graph\":[{\"@type\":\"WebPage\",\"@id\":\"https:\/\/parkingsolmediterraneo.com\/en\/about-us\/\",\"url\":\"https:\/\/parkingsolmediterraneo.com\/en\/about-us\/\",\"name\":\"About us - Parking Sol Mediterraneo Aeropuerto de M\u00e1laga\",\"isPartOf\":{\"@id\":\"http:\/\/parkingsolmediterraneo.com\/en\/#website\"},\"primaryImageOfPage\":{\"@id\":\"https:\/\/parkingsolmediterraneo.com\/en\/about-us\/#primaryimage\"},\"image\":{\"@id\":\"https:\/\/parkingsolmediterraneo.com\/en\/about-us\/#primaryimage\"},\"thumbnailUrl\":\"https:\/\/parkingsolmediterraneo.com\/wp-content\/uploads\/2017\/01\/Parking-Sol-Mediterraneo-Portada_recortada-1024x275.jpg\",\"datePublished\":\"2017-03-08T16:53:18+00:00\",\"dateModified\":\"2020-05-27T06:07:07+00:00\",\"breadcrumb\":{\"@id\":\"https:\/\/parkingsolmediterraneo.com\/en\/about-us\/#breadcrumb\"},\"inLanguage\":\"en-US\",\"potentialAction\":[{\"@type\":\"ReadAction\",\"target\":[\"https:\/\/parkingsolmediterraneo.com\/en\/about-us\/\"]}]},{\"@type\":\"ImageObject\",\"inLanguage\":\"en-US\",\"@id\":\"https:\/\/parkingsolmediterraneo.com\/en\/about-us\/#primaryimage\",\"url\":\"https:\/\/parkingsolmediterraneo.com\/wp-content\/uploads\/2017\/01\/Parking-Sol-Mediterraneo-Portada_recortada-1024x275.jpg\",\"contentUrl\":\"https:\/\/parkingsolmediterraneo.com\/wp-content\/uploads\/2017\/01\/Parking-Sol-Mediterraneo-Portada_recortada-1024x275.jpg\"},{\"@type\":\"BreadcrumbList\",\"@id\":\"https:\/\/parkingsolmediterraneo.com\/en\/about-us\/#breadcrumb\",\"itemListElement\":[{\"@type\":\"ListItem\",\"position\":1,\"name\":\"Home\",\"item\":\"http:\/\/parkingsolmediterraneo.com\/en\/\"},{\"@type\":\"ListItem\",\"position\":2,\"name\":\"About us\"}]},{\"@type\":\"WebSite\",\"@id\":\"http:\/\/parkingsolmediterraneo.com\/en\/#website\",\"url\":\"http:\/\/parkingsolmediterraneo.com\/en\/\",\"name\":\"Parking Sol Mediterraneo Aeropuerto de M\u00e1laga\",\"description\":\"El parking m\u00e1s econ\u00f3mico en el Aeropuerto de M\u00e1laga\",\"publisher\":{\"@id\":\"http:\/\/parkingsolmediterraneo.com\/en\/#organization\"},\"potentialAction\":[{\"@type\":\"SearchAction\",\"target\":{\"@type\":\"EntryPoint\",\"urlTemplate\":\"http:\/\/parkingsolmediterraneo.com\/en\/?s={search_term_string}\"},\"query-input\":{\"@type\":\"PropertyValueSpecification\",\"valueRequired\":true,\"valueName\":\"search_term_string\"}}],\"inLanguage\":\"en-US\"},{\"@type\":[\"Organization\",\"Place\",\"LocalBusiness\"],\"@id\":\"http:\/\/parkingsolmediterraneo.com\/en\/#organization\",\"name\":\"Parking Sol Mediterraneo\",\"url\":\"http:\/\/parkingsolmediterraneo.com\/en\/\",\"logo\":{\"@id\":\"https:\/\/parkingsolmediterraneo.com\/en\/about-us\/#local-main-organization-logo\"},\"image\":{\"@id\":\"https:\/\/parkingsolmediterraneo.com\/en\/about-us\/#local-main-organization-logo\"},\"sameAs\":[\"https:\/\/www.facebook.com\/parkingsolmediterraneo\/\",\"https:\/\/x.com\/parkingsol\"],\"address\":{\"@id\":\"https:\/\/parkingsolmediterraneo.com\/en\/about-us\/#local-main-place-address\"},\"geo\":{\"@type\":\"GeoCoordinates\",\"latitude\":\"36.67222247556665\",\"longitude\":\"-4.480962794675755\"},\"telephone\":[\"952 243 050\"],\"openingHoursSpecification\":{\"@type\":\"OpeningHoursSpecification\",\"dayOfWeek\":[\"Monday\",\"Tuesday\",\"Wednesday\",\"Thursday\",\"Friday\",\"Saturday\",\"Sunday\"],\"opens\":\"00:00\",\"closes\":\"23:59\"},\"email\":\"info@parkingsolmediterraneo.com\",\"priceRange\":\"$\"},{\"@type\":\"PostalAddress\",\"@id\":\"https:\/\/parkingsolmediterraneo.com\/en\/about-us\/#local-main-place-address\",\"streetAddress\":\"Av. del Comandante Garc\u00eda Morato, 18. M\u00e1laga\",\"addressLocality\":\"M\u00e1laga\",\"postalCode\":\"29004\",\"addressRegion\":\"M\u00e1laga\",\"addressCountry\":\"ES\"},{\"@type\":\"ImageObject\",\"inLanguage\":\"en-US\",\"@id\":\"https:\/\/parkingsolmediterraneo.com\/en\/about-us\/#local-main-organization-logo\",\"url\":\"https:\/\/parkingsolmediterraneo.com\/wp-content\/uploads\/2017\/03\/logo_parking-mediterraneo_2_100.png\",\"contentUrl\":\"https:\/\/parkingsolmediterraneo.com\/wp-content\/uploads\/2017\/03\/logo_parking-mediterraneo_2_100.png\",\"width\":146,\"height\":100,\"caption\":\"Parking Sol Mediterraneo\"}]}<\/script>\n<meta name=\"geo.placename\" content=\"M\u00e1laga\" \/>\n<meta name=\"geo.position\" content=\"36.67222247556665;-4.480962794675755\" \/>\n<meta name=\"geo.region\" content=\"Spain\" \/>\n<!-- \/ Yoast SEO Premium plugin. -->","yoast_head_json":{"title":"About us - Parking Sol Mediterraneo Aeropuerto de M\u00e1laga","robots":{"index":"index","follow":"follow","max-snippet":"max-snippet:-1","max-image-preview":"max-image-preview:large","max-video-preview":"max-video-preview:-1"},"canonical":"https:\/\/parkingsolmediterraneo.com\/en\/about-us\/","og_locale":"en_US","og_type":"article","og_title":"About us","og_description":"About us \"Parking del Mediterrr\u00e1neo\" began its activity in Malaga in the year 1997 as a family business engaged primarily in the public parking near the M\u00e1laga International Airport. Thanks to the trust we have placed all our clients we tried to improve ourselves a little more in our desire to provide the best service [&hellip;]","og_url":"https:\/\/parkingsolmediterraneo.com\/en\/about-us\/","og_site_name":"Parking Sol Mediterraneo Aeropuerto de M\u00e1laga","article_publisher":"https:\/\/www.facebook.com\/parkingsolmediterraneo\/","article_modified_time":"2020-05-27T06:07:07+00:00","og_image":[{"url":"https:\/\/parkingsolmediterraneo.com\/wp-content\/uploads\/2017\/01\/Parking-Sol-Mediterraneo-Portada_recortada-1024x275.jpg","type":"","width":"","height":""}],"twitter_card":"summary_large_image","twitter_site":"@parkingsol","twitter_misc":{"Est. reading time":"3 minutes"},"schema":{"@context":"https:\/\/schema.org","@graph":[{"@type":"WebPage","@id":"https:\/\/parkingsolmediterraneo.com\/en\/about-us\/","url":"https:\/\/parkingsolmediterraneo.com\/en\/about-us\/","name":"About us - Parking Sol Mediterraneo Aeropuerto de M\u00e1laga","isPartOf":{"@id":"http:\/\/parkingsolmediterraneo.com\/en\/#website"},"primaryImageOfPage":{"@id":"https:\/\/parkingsolmediterraneo.com\/en\/about-us\/#primaryimage"},"image":{"@id":"https:\/\/parkingsolmediterraneo.com\/en\/about-us\/#primaryimage"},"thumbnailUrl":"https:\/\/parkingsolmediterraneo.com\/wp-content\/uploads\/2017\/01\/Parking-Sol-Mediterraneo-Portada_recortada-1024x275.jpg","datePublished":"2017-03-08T16:53:18+00:00","dateModified":"2020-05-27T06:07:07+00:00","breadcrumb":{"@id":"https:\/\/parkingsolmediterraneo.com\/en\/about-us\/#breadcrumb"},"inLanguage":"en-US","potentialAction":[{"@type":"ReadAction","target":["https:\/\/parkingsolmediterraneo.com\/en\/about-us\/"]}]},{"@type":"ImageObject","inLanguage":"en-US","@id":"https:\/\/parkingsolmediterraneo.com\/en\/about-us\/#primaryimage","url":"https:\/\/parkingsolmediterraneo.com\/wp-content\/uploads\/2017\/01\/Parking-Sol-Mediterraneo-Portada_recortada-1024x275.jpg","contentUrl":"https:\/\/parkingsolmediterraneo.com\/wp-content\/uploads\/2017\/01\/Parking-Sol-Mediterraneo-Portada_recortada-1024x275.jpg"},{"@type":"BreadcrumbList","@id":"https:\/\/parkingsolmediterraneo.com\/en\/about-us\/#breadcrumb","itemListElement":[{"@type":"ListItem","position":1,"name":"Home","item":"http:\/\/parkingsolmediterraneo.com\/en\/"},{"@type":"ListItem","position":2,"name":"About us"}]},{"@type":"WebSite","@id":"http:\/\/parkingsolmediterraneo.com\/en\/#website","url":"http:\/\/parkingsolmediterraneo.com\/en\/","name":"Parking Sol Mediterraneo Aeropuerto de M\u00e1laga","description":"El parking m\u00e1s econ\u00f3mico en el Aeropuerto de M\u00e1laga","publisher":{"@id":"http:\/\/parkingsolmediterraneo.com\/en\/#organization"},"potentialAction":[{"@type":"SearchAction","target":{"@type":"EntryPoint","urlTemplate":"http:\/\/parkingsolmediterraneo.com\/en\/?s={search_term_string}"},"query-input":{"@type":"PropertyValueSpecification","valueRequired":true,"valueName":"search_term_string"}}],"inLanguage":"en-US"},{"@type":["Organization","Place","LocalBusiness"],"@id":"http:\/\/parkingsolmediterraneo.com\/en\/#organization","name":"Parking Sol Mediterraneo","url":"http:\/\/parkingsolmediterraneo.com\/en\/","logo":{"@id":"https:\/\/parkingsolmediterraneo.com\/en\/about-us\/#local-main-organization-logo"},"image":{"@id":"https:\/\/parkingsolmediterraneo.com\/en\/about-us\/#local-main-organization-logo"},"sameAs":["https:\/\/www.facebook.com\/parkingsolmediterraneo\/","https:\/\/x.com\/parkingsol"],"address":{"@id":"https:\/\/parkingsolmediterraneo.com\/en\/about-us\/#local-main-place-address"},"geo":{"@type":"GeoCoordinates","latitude":"36.67222247556665","longitude":"-4.480962794675755"},"telephone":["952 243 050"],"openingHoursSpecification":{"@type":"OpeningHoursSpecification","dayOfWeek":["Monday","Tuesday","Wednesday","Thursday","Friday","Saturday","Sunday"],"opens":"00:00","closes":"23:59"},"email":"info@parkingsolmediterraneo.com","priceRange":"$"},{"@type":"PostalAddress","@id":"https:\/\/parkingsolmediterraneo.com\/en\/about-us\/#local-main-place-address","streetAddress":"Av. del Comandante Garc\u00eda Morato, 18. M\u00e1laga","addressLocality":"M\u00e1laga","postalCode":"29004","addressRegion":"M\u00e1laga","addressCountry":"ES"},{"@type":"ImageObject","inLanguage":"en-US","@id":"https:\/\/parkingsolmediterraneo.com\/en\/about-us\/#local-main-organization-logo","url":"https:\/\/parkingsolmediterraneo.com\/wp-content\/uploads\/2017\/03\/logo_parking-mediterraneo_2_100.png","contentUrl":"https:\/\/parkingsolmediterraneo.com\/wp-content\/uploads\/2017\/03\/logo_parking-mediterraneo_2_100.png","width":146,"height":100,"caption":"Parking Sol Mediterraneo"}]},"geo.placename":"M\u00e1laga","geo.position":{"lat":"36.67222247556665","long":"-4.480962794675755"},"geo.region":"Spain"},"_links":{"self":[{"href":"https:\/\/parkingsolmediterraneo.com\/en\/wp-json\/wp\/v2\/pages\/725","targetHints":{"allow":["GET"]}}],"collection":[{"href":"https:\/\/parkingsolmediterraneo.com\/en\/wp-json\/wp\/v2\/pages"}],"about":[{"href":"https:\/\/parkingsolmediterraneo.com\/en\/wp-json\/wp\/v2\/types\/page"}],"author":[{"embeddable":true,"href":"https:\/\/parkingsolmediterraneo.com\/en\/wp-json\/wp\/v2\/users\/1"}],"replies":[{"embeddable":true,"href":"https:\/\/parkingsolmediterraneo.com\/en\/wp-json\/wp\/v2\/comments?post=725"}],"version-history":[{"count":0,"href":"https:\/\/parkingsolmediterraneo.com\/en\/wp-json\/wp\/v2\/pages\/725\/revisions"}],"wp:attachment":[{"href":"https:\/\/parkingsolmediterraneo.com\/en\/wp-json\/wp\/v2\/media?parent=725"}],"curies":[{"name":"wp","href":"https:\/\/api.w.org\/{rel}","templated":true}]}}