{"id":3600,"date":"2021-07-08T09:26:51","date_gmt":"2021-07-08T07:26:51","guid":{"rendered":"https:\/\/parkingsolmediterraneo.com\/la-cafeteria\/"},"modified":"2021-07-10T11:12:36","modified_gmt":"2021-07-10T09:12:36","slug":"la-cafeteria","status":"publish","type":"page","link":"http:\/\/parkingsolmediterraneo.com\/en\/la-cafeteria\/","title":{"rendered":"coffee shop"},"content":{"rendered":"<p>[et_pb_section fb_built=&#8221;1&#8243; admin_label=&#8221;Hero&#8221; _builder_version=&#8221;4.3.2&#8243; background_enable_color=&#8221;off&#8221; background_color_gradient_direction=&#8221;82deg&#8221; background_enable_image=&#8221;off&#8221; custom_margin=&#8221;0px||0px||false|false&#8221; custom_padding=&#8221;32px||30px||false|false&#8221; bottom_divider_color=&#8221;#ffb500&#8243; bottom_divider_height=&#8221;107px&#8221; bottom_divider_flip=&#8221;vertical&#8221; bottom_divider_height_tablet=&#8221;&#8221; bottom_divider_height_phone=&#8221;57px&#8221; bottom_divider_height_last_edited=&#8221;on|phone&#8221;][et_pb_row _builder_version=&#8221;4.3.2&#8243; max_width=&#8221;1440px&#8221; custom_margin=&#8221;||||false|false&#8221; custom_padding=&#8221;0px|0px|0|0px|false|false&#8221; use_custom_width=&#8221;on&#8221; custom_width_px=&#8221;1440px&#8221;][et_pb_column type=&#8221;4_4&#8243; _builder_version=&#8221;3.25&#8243; custom_padding=&#8221;|||&#8221; custom_padding__hover=&#8221;|||&#8221;][et_pb_text _builder_version=&#8221;4.9.7&#8243; text_font=&#8221;||||||||&#8221; header_font=&#8221;|700|||||||&#8221; header_text_align=&#8221;center&#8221; header_text_color=&#8221;#FFFFFF&#8221; header_font_size=&#8221;35px&#8221; header_line_height=&#8221;1.1em&#8221; header_2_font=&#8221;||||||||&#8221; background_layout=&#8221;dark&#8221; module_alignment=&#8221;left&#8221; custom_margin=&#8221;||||false|false&#8221; header_font_size_tablet=&#8221;50px&#8221; header_font_size_phone=&#8221;34px&#8221; header_font_size_last_edited=&#8221;off|phone&#8221;]<\/p>\n<h1>AmerCAF\u00c9 Coffee Shop<\/h1>\n<p>[\/et_pb_text][\/et_pb_column][\/et_pb_row][\/et_pb_section][et_pb_section fb_built=&#8221;1&#8243; specialty=&#8221;on&#8221; _builder_version=&#8221;4.9.7&#8243; _module_preset=&#8221;default&#8221; custom_padding=&#8221;13px||2px|||&#8221;][et_pb_column type=&#8221;1_2&#8243; _builder_version=&#8221;3.25&#8243; custom_padding=&#8221;|||&#8221; custom_padding__hover=&#8221;|||&#8221;][et_pb_text _builder_version=&#8221;4.9.7&#8243; _module_preset=&#8221;default&#8221; text_text_color=&#8221;#FFFFFF&#8221; text_font_size=&#8221;15px&#8221;]<\/p>\n<p>At Amercaf\u00e9, the ParkingSol Mediterr\u00e1neo coffe shop you will find a peaceful place to rest, whether you are going to travel or want to take a break on the way.<\/p>\n<p>In our coffe shop you can taste sandwiches, special sandwiches, campers, croissants, hamburgers, salads and other dishes that you will find in our menu that you can download at this link. All our dishes are made with top quality local products.<\/p>\n<p>We have breakfasts, lunches and snacks, and we serve take away food. You can reserve or order by phone to eat in the same place or to take away.<\/p>\n<p>[\/et_pb_text][et_pb_text _builder_version=&#8221;4.9.7&#8243; _module_preset=&#8221;default&#8221; text_text_color=&#8221;#383838&#8243; text_font_size=&#8221;15px&#8221; header_3_font=&#8221;|700|||||||&#8221; header_3_text_color=&#8221;#383838&#8243; header_3_line_height=&#8221;1.5em&#8221; background_color=&#8221;#FFFFFF&#8221; custom_padding=&#8221;15px|16px|22px|16px|false|true&#8221; border_radii=&#8221;on|8px|8px|8px|8px&#8221;]<\/p>\n<h3>Hours and phones<\/h3>\n<p>\u00b7 Our hours are from 7:30 to 17:30 from Monday to Sunday.<\/p>\n<p>\u00b7 Phone for reservations and ordering: 699 588 614 (calls and WhatsApp)<\/p>\n<p>[\/et_pb_text][\/et_pb_column][et_pb_column type=&#8221;1_2&#8243; specialty_columns=&#8221;2&#8243; _builder_version=&#8221;3.25&#8243; custom_padding=&#8221;|||&#8221; custom_padding__hover=&#8221;|||&#8221;][et_pb_row_inner _builder_version=&#8221;4.9.7&#8243; _module_preset=&#8221;default&#8221;][et_pb_column_inner saved_specialty_column_type=&#8221;1_2&#8243; _builder_version=&#8221;4.9.7&#8243; _module_preset=&#8221;default&#8221;][et_pb_image src=&#8221;https:\/\/parkingsolmediterraneo.com\/wp-content\/uploads\/2021\/07\/amercafe-gazpacho.jpg&#8221; title_text=&#8221;amercafe gazpacho&#8221; _builder_version=&#8221;4.9.7&#8243; _module_preset=&#8221;default&#8221;][\/et_pb_image][\/et_pb_column_inner][\/et_pb_row_inner][\/et_pb_column][\/et_pb_section][et_pb_section fb_built=&#8221;1&#8243; admin_label=&#8221;section&#8221; _builder_version=&#8221;4.9.7&#8243; custom_margin=&#8221;0px||||false|false&#8221; custom_padding=&#8221;31px||||false|false&#8221;][et_pb_row column_structure=&#8221;1_3,1_3,1_3&#8243; use_custom_gutter=&#8221;on&#8221; gutter_width=&#8221;2&#8243; _builder_version=&#8221;4.9.7&#8243; width=&#8221;100%&#8221;][et_pb_column type=&#8221;1_3&#8243; _builder_version=&#8221;4.3.2&#8243;][et_pb_image src=&#8221;https:\/\/parkingsolmediterraneo.com\/wp-content\/uploads\/2021\/07\/IMG_20210610_093058.jpg&#8221; title_text=&#8221;IMG_20210610_093058&#8243; show_in_lightbox=&#8221;on&#8221; _builder_version=&#8221;4.9.7&#8243; _module_preset=&#8221;default&#8221;][\/et_pb_image][et_pb_image src=&#8221;https:\/\/parkingsolmediterraneo.com\/wp-content\/uploads\/2021\/07\/3a4d43fa-9389-4443-afb6-a27cec74decc.jpg&#8221; title_text=&#8221;3a4d43fa-9389-4443-afb6-a27cec74decc&#8221; show_in_lightbox=&#8221;on&#8221; _builder_version=&#8221;4.9.7&#8243; _module_preset=&#8221;default&#8221;][\/et_pb_image][et_pb_image src=&#8221;https:\/\/parkingsolmediterraneo.com\/wp-content\/uploads\/2021\/07\/9c3c1408-444e-4feb-ab21-e70c09be8fda.jpg&#8221; title_text=&#8221;9c3c1408-444e-4feb-ab21-e70c09be8fda&#8221; show_in_lightbox=&#8221;on&#8221; _builder_version=&#8221;4.9.7&#8243; _module_preset=&#8221;default&#8221; height__hover_enabled=&#8221;off|desktop&#8221;][\/et_pb_image][\/et_pb_column][et_pb_column type=&#8221;1_3&#8243; _builder_version=&#8221;4.3.2&#8243;][et_pb_image src=&#8221;https:\/\/parkingsolmediterraneo.com\/wp-content\/uploads\/2021\/07\/6994af21-420a-4921-97a4-29ace76ab382.jpg&#8221; title_text=&#8221;6994af21-420a-4921-97a4-29ace76ab382&#8243; show_in_lightbox=&#8221;on&#8221; _builder_version=&#8221;4.9.7&#8243; _module_preset=&#8221;default&#8221;][\/et_pb_image][et_pb_image src=&#8221;https:\/\/parkingsolmediterraneo.com\/wp-content\/uploads\/2021\/07\/IMG_20210610_102357.jpg&#8221; title_text=&#8221;IMG_20210610_102357&#8243; show_in_lightbox=&#8221;on&#8221; _builder_version=&#8221;4.9.7&#8243; _module_preset=&#8221;default&#8221;][\/et_pb_image][et_pb_image src=&#8221;https:\/\/parkingsolmediterraneo.com\/wp-content\/uploads\/2021\/07\/ca9705a2-0265-498c-a64f-906363593a01.jpg&#8221; title_text=&#8221;ca9705a2-0265-498c-a64f-906363593a01&#8243; show_in_lightbox=&#8221;on&#8221; _builder_version=&#8221;4.9.7&#8243; _module_preset=&#8221;default&#8221;][\/et_pb_image][\/et_pb_column][et_pb_column type=&#8221;1_3&#8243; _builder_version=&#8221;4.3.2&#8243;][et_pb_image src=&#8221;https:\/\/parkingsolmediterraneo.com\/wp-content\/uploads\/2021\/07\/165f0198-39b0-4e22-a09a-0bb4949d58df.jpg&#8221; title_text=&#8221;165f0198-39b0-4e22-a09a-0bb4949d58df&#8221; show_in_lightbox=&#8221;on&#8221; _builder_version=&#8221;4.9.7&#8243; _module_preset=&#8221;default&#8221;][\/et_pb_image][et_pb_image src=&#8221;https:\/\/parkingsolmediterraneo.com\/wp-content\/uploads\/2021\/07\/IMG_20210610_093116.jpg&#8221; title_text=&#8221;IMG_20210610_093116&#8243; show_in_lightbox=&#8221;on&#8221; _builder_version=&#8221;4.9.7&#8243; _module_preset=&#8221;default&#8221;][\/et_pb_image][et_pb_image src=&#8221;https:\/\/parkingsolmediterraneo.com\/wp-content\/uploads\/2021\/07\/4c31a5f1-e713-4367-b39c-ac7001b8f5f7.jpg&#8221; title_text=&#8221;4c31a5f1-e713-4367-b39c-ac7001b8f5f7&#8243; show_in_lightbox=&#8221;on&#8221; _builder_version=&#8221;4.9.7&#8243; _module_preset=&#8221;default&#8221;][\/et_pb_image][\/et_pb_column][\/et_pb_row][et_pb_row _builder_version=&#8221;4.4.4&#8243;][et_pb_column type=&#8221;4_4&#8243; _builder_version=&#8221;4.4.4&#8243;][et_pb_button button_url=&#8221;https:\/\/parkingsolmediterraneo.com\/en\/booking\/&#8221; button_text=&#8221;Booking&#8221; button_alignment=&#8221;center&#8221; _builder_version=&#8221;4.9.7&#8243; custom_button=&#8221;on&#8221; button_text_size=&#8221;17px&#8221; button_text_color=&#8221;#ffffff&#8221; button_bg_color=&#8221;#e09900&#8243; button_bg_color_gradient_start=&#8221;#d80a00&#8243; button_bg_color_gradient_end=&#8221;#a31d13&#8243; button_border_width=&#8221;0px&#8221; button_border_color=&#8221;#faa152&#8243; button_border_radius=&#8221;4px&#8221; button_font=&#8221;|600|||||||&#8221; button_icon=&#8221;%%370%%&#8221; button_icon_placement=&#8221;left&#8221; button_on_hover=&#8221;off&#8221; background_layout=&#8221;dark&#8221; custom_margin=&#8221;15px||||false|false&#8221; custom_margin_tablet=&#8221;||0px|&#8221; custom_margin_phone=&#8221;&#8221; custom_margin_last_edited=&#8221;on|tablet&#8221; custom_padding=&#8221;12px|139px|12px|139px|true|true&#8221; custom_padding_tablet=&#8221;&#8221; custom_padding_phone=&#8221;|75px||75px|true|true&#8221; custom_padding_last_edited=&#8221;on|phone&#8221; hover_enabled=&#8221;0&#8243; locked=&#8221;off&#8221; button_text_size__hover_enabled=&#8221;off&#8221; button_one_text_size__hover_enabled=&#8221;off&#8221; button_two_text_size__hover_enabled=&#8221;off&#8221; button_text_color__hover_enabled=&#8221;off&#8221; button_one_text_color__hover_enabled=&#8221;off&#8221; button_two_text_color__hover_enabled=&#8221;off&#8221; button_border_width__hover_enabled=&#8221;off&#8221; button_one_border_width__hover_enabled=&#8221;off&#8221; button_two_border_width__hover_enabled=&#8221;off&#8221; button_border_color__hover_enabled=&#8221;off&#8221; button_one_border_color__hover_enabled=&#8221;off&#8221; button_two_border_color__hover_enabled=&#8221;off&#8221; button_border_radius__hover_enabled=&#8221;off&#8221; button_one_border_radius__hover_enabled=&#8221;off&#8221; button_two_border_radius__hover_enabled=&#8221;off&#8221; button_letter_spacing__hover_enabled=&#8221;off&#8221; button_one_letter_spacing__hover_enabled=&#8221;off&#8221; button_two_letter_spacing__hover_enabled=&#8221;off&#8221; button_bg_color__hover_enabled=&#8221;off&#8221; button_one_bg_color__hover_enabled=&#8221;off&#8221; button_two_bg_color__hover_enabled=&#8221;off&#8221; sticky_enabled=&#8221;0&#8243;][\/et_pb_button][\/et_pb_column][\/et_pb_row][\/et_pb_section]<\/p>\n\n\n<div class=\"kk-star-ratings kksr-auto kksr-align-center kksr-valign-bottom\"\n    data-payload='{&quot;align&quot;:&quot;center&quot;,&quot;id&quot;:&quot;3600&quot;,&quot;slug&quot;:&quot;default&quot;,&quot;valign&quot;:&quot;bottom&quot;,&quot;ignore&quot;:&quot;&quot;,&quot;reference&quot;:&quot;auto&quot;,&quot;class&quot;:&quot;&quot;,&quot;count&quot;:&quot;3&quot;,&quot;legendonly&quot;:&quot;&quot;,&quot;readonly&quot;:&quot;&quot;,&quot;score&quot;:&quot;5&quot;,&quot;starsonly&quot;:&quot;&quot;,&quot;best&quot;:&quot;5&quot;,&quot;gap&quot;:&quot;4&quot;,&quot;greet&quot;:&quot;&quot;,&quot;legend&quot;:&quot;5\\\/5 - (3 votes)&quot;,&quot;size&quot;:&quot;20&quot;,&quot;title&quot;:&quot;coffee shop&quot;,&quot;width&quot;:&quot;118&quot;,&quot;_legend&quot;:&quot;{score}\\\/{best} - ({count} {votes})&quot;,&quot;font_factor&quot;:&quot;1.25&quot;}'>\n            \n<div class=\"kksr-stars\">\n    \n<div class=\"kksr-stars-inactive\">\n            <div class=\"kksr-star\" data-star=\"1\" style=\"padding-right: 4px\">\n            \n\n<div class=\"kksr-icon\" style=\"width: 20px; height: 20px;\"><\/div>\n        <\/div>\n            <div class=\"kksr-star\" data-star=\"2\" style=\"padding-right: 4px\">\n            \n\n<div class=\"kksr-icon\" style=\"width: 20px; height: 20px;\"><\/div>\n        <\/div>\n            <div class=\"kksr-star\" data-star=\"3\" style=\"padding-right: 4px\">\n            \n\n<div class=\"kksr-icon\" style=\"width: 20px; height: 20px;\"><\/div>\n        <\/div>\n            <div class=\"kksr-star\" data-star=\"4\" style=\"padding-right: 4px\">\n            \n\n<div class=\"kksr-icon\" style=\"width: 20px; height: 20px;\"><\/div>\n        <\/div>\n            <div class=\"kksr-star\" data-star=\"5\" style=\"padding-right: 4px\">\n            \n\n<div class=\"kksr-icon\" style=\"width: 20px; height: 20px;\"><\/div>\n        <\/div>\n    <\/div>\n    \n<div class=\"kksr-stars-active\" style=\"width: 118px;\">\n            <div class=\"kksr-star\" style=\"padding-right: 4px\">\n            \n\n<div class=\"kksr-icon\" style=\"width: 20px; height: 20px;\"><\/div>\n        <\/div>\n            <div class=\"kksr-star\" style=\"padding-right: 4px\">\n            \n\n<div class=\"kksr-icon\" style=\"width: 20px; height: 20px;\"><\/div>\n        <\/div>\n            <div class=\"kksr-star\" style=\"padding-right: 4px\">\n            \n\n<div class=\"kksr-icon\" style=\"width: 20px; height: 20px;\"><\/div>\n        <\/div>\n            <div class=\"kksr-star\" style=\"padding-right: 4px\">\n            \n\n<div class=\"kksr-icon\" style=\"width: 20px; height: 20px;\"><\/div>\n        <\/div>\n            <div class=\"kksr-star\" style=\"padding-right: 4px\">\n            \n\n<div class=\"kksr-icon\" style=\"width: 20px; height: 20px;\"><\/div>\n        <\/div>\n    <\/div>\n<\/div>\n                \n\n<div class=\"kksr-legend\" style=\"font-size: 16px;\">\n            5\/5 - (3 votes)    <\/div>\n    <\/div>\n","protected":false},"excerpt":{"rendered":"<p>AmerCAF\u00c9 Coffee ShopAt Amercaf\u00e9, the ParkingSol Mediterr\u00e1neo coffe shop you will find a peaceful place to rest, whether you are going to travel or want to take a break on the way. In our coffe shop you can taste sandwiches, special sandwiches, campers, croissants, hamburgers, salads and other dishes that you will find in our [&hellip;]<\/p>\n","protected":false},"author":1,"featured_media":0,"parent":0,"menu_order":0,"comment_status":"closed","ping_status":"closed","template":"","meta":{"_et_pb_use_builder":"on","_et_pb_old_content":"","_et_gb_content_width":"","footnotes":""},"class_list":["post-3600","page","type-page","status-publish","hentry"],"yoast_head":"<!-- This site is optimized with the Yoast SEO Premium plugin v19.7 (Yoast SEO v27.2) - https:\/\/yoast.com\/product\/yoast-seo-premium-wordpress\/ -->\n<title>coffee shop - Parking Sol Mediterraneo Aeropuerto de M\u00e1laga<\/title>\n<meta name=\"robots\" content=\"index, follow, max-snippet:-1, max-image-preview:large, max-video-preview:-1\" \/>\n<link rel=\"canonical\" href=\"https:\/\/parkingsolmediterraneo.com\/en\/la-cafeteria\/\" \/>\n<meta property=\"og:locale\" content=\"en_US\" \/>\n<meta property=\"og:type\" content=\"article\" \/>\n<meta property=\"og:title\" content=\"coffee shop\" \/>\n<meta property=\"og:description\" content=\"AmerCAF\u00c9 Coffee ShopAt Amercaf\u00e9, the ParkingSol Mediterr\u00e1neo coffe shop you will find a peaceful place to rest, whether you are going to travel or want to take a break on the way. In our coffe shop you can taste sandwiches, special sandwiches, campers, croissants, hamburgers, salads and other dishes that you will find in our [&hellip;]\" \/>\n<meta property=\"og:url\" content=\"https:\/\/parkingsolmediterraneo.com\/en\/la-cafeteria\/\" \/>\n<meta property=\"og:site_name\" content=\"Parking Sol Mediterraneo Aeropuerto de M\u00e1laga\" \/>\n<meta property=\"article:publisher\" content=\"https:\/\/www.facebook.com\/parkingsolmediterraneo\/\" \/>\n<meta property=\"article:modified_time\" content=\"2021-07-10T09:12:36+00:00\" \/>\n<meta property=\"og:image\" content=\"http:\/\/parkingsolmediterraneo.com\/wp-content\/uploads\/2021\/06\/parking-sol-portada-nueva.jpg\" \/>\n\t<meta property=\"og:image:width\" content=\"1218\" \/>\n\t<meta property=\"og:image:height\" content=\"659\" \/>\n\t<meta property=\"og:image:type\" content=\"image\/jpeg\" \/>\n<meta name=\"twitter:card\" content=\"summary_large_image\" \/>\n<meta name=\"twitter:site\" content=\"@parkingsol\" \/>\n<script type=\"application\/ld+json\" class=\"yoast-schema-graph\">{\"@context\":\"https:\/\/schema.org\",\"@graph\":[{\"@type\":\"WebPage\",\"@id\":\"https:\/\/parkingsolmediterraneo.com\/en\/la-cafeteria\/\",\"url\":\"https:\/\/parkingsolmediterraneo.com\/en\/la-cafeteria\/\",\"name\":\"coffee shop - Parking Sol Mediterraneo Aeropuerto de M\u00e1laga\",\"isPartOf\":{\"@id\":\"https:\/\/parkingsolmediterraneo.com\/#website\"},\"datePublished\":\"2021-07-08T07:26:51+00:00\",\"dateModified\":\"2021-07-10T09:12:36+00:00\",\"breadcrumb\":{\"@id\":\"https:\/\/parkingsolmediterraneo.com\/en\/la-cafeteria\/#breadcrumb\"},\"inLanguage\":\"en-US\",\"potentialAction\":[{\"@type\":\"ReadAction\",\"target\":[\"https:\/\/parkingsolmediterraneo.com\/en\/la-cafeteria\/\"]}]},{\"@type\":\"BreadcrumbList\",\"@id\":\"https:\/\/parkingsolmediterraneo.com\/en\/la-cafeteria\/#breadcrumb\",\"itemListElement\":[{\"@type\":\"ListItem\",\"position\":1,\"name\":\"Home\",\"item\":\"http:\/\/parkingsolmediterraneo.com\/en\/\"},{\"@type\":\"ListItem\",\"position\":2,\"name\":\"coffee shop\"}]},{\"@type\":\"WebSite\",\"@id\":\"https:\/\/parkingsolmediterraneo.com\/#website\",\"url\":\"https:\/\/parkingsolmediterraneo.com\/\",\"name\":\"Parking Sol Mediterraneo Aeropuerto de M\u00e1laga\",\"description\":\"El parking m\u00e1s econ\u00f3mico en el Aeropuerto de M\u00e1laga\",\"publisher\":{\"@id\":\"https:\/\/parkingsolmediterraneo.com\/#organization\"},\"potentialAction\":[{\"@type\":\"SearchAction\",\"target\":{\"@type\":\"EntryPoint\",\"urlTemplate\":\"https:\/\/parkingsolmediterraneo.com\/?s={search_term_string}\"},\"query-input\":{\"@type\":\"PropertyValueSpecification\",\"valueRequired\":true,\"valueName\":\"search_term_string\"}}],\"inLanguage\":\"en-US\"},{\"@type\":[\"Organization\",\"Place\",\"LocalBusiness\"],\"@id\":\"https:\/\/parkingsolmediterraneo.com\/#organization\",\"name\":\"Parking Sol Mediterraneo\",\"url\":\"https:\/\/parkingsolmediterraneo.com\/\",\"logo\":{\"@id\":\"https:\/\/parkingsolmediterraneo.com\/en\/la-cafeteria\/#local-main-organization-logo\"},\"image\":{\"@id\":\"https:\/\/parkingsolmediterraneo.com\/en\/la-cafeteria\/#local-main-organization-logo\"},\"sameAs\":[\"https:\/\/www.facebook.com\/parkingsolmediterraneo\/\",\"https:\/\/x.com\/parkingsol\"],\"address\":{\"@id\":\"https:\/\/parkingsolmediterraneo.com\/en\/la-cafeteria\/#local-main-place-address\"},\"geo\":{\"@type\":\"GeoCoordinates\",\"latitude\":\"36.67222247556665\",\"longitude\":\"-4.480962794675755\"},\"telephone\":[\"952 243 050\"],\"openingHoursSpecification\":{\"@type\":\"OpeningHoursSpecification\",\"dayOfWeek\":[\"Monday\",\"Tuesday\",\"Wednesday\",\"Thursday\",\"Friday\",\"Saturday\",\"Sunday\"],\"opens\":\"00:00\",\"closes\":\"23:59\"},\"email\":\"info@parkingsolmediterraneo.com\",\"priceRange\":\"$\"},{\"@type\":\"PostalAddress\",\"@id\":\"https:\/\/parkingsolmediterraneo.com\/en\/la-cafeteria\/#local-main-place-address\",\"streetAddress\":\"Av. del Comandante Garc\u00eda Morato, 18. M\u00e1laga\",\"addressLocality\":\"M\u00e1laga\",\"postalCode\":\"29004\",\"addressRegion\":\"M\u00e1laga\",\"addressCountry\":\"ES\"},{\"@type\":\"ImageObject\",\"inLanguage\":\"en-US\",\"@id\":\"https:\/\/parkingsolmediterraneo.com\/en\/la-cafeteria\/#local-main-organization-logo\",\"url\":\"http:\/\/parkingsolmediterraneo.com\/wp-content\/uploads\/2017\/03\/logo_parking-mediterraneo_2_100.png\",\"contentUrl\":\"http:\/\/parkingsolmediterraneo.com\/wp-content\/uploads\/2017\/03\/logo_parking-mediterraneo_2_100.png\",\"width\":146,\"height\":100,\"caption\":\"Parking Sol Mediterraneo\"}]}<\/script>\n<meta name=\"geo.placename\" content=\"M\u00e1laga\" \/>\n<meta name=\"geo.position\" content=\"36.67222247556665;-4.480962794675755\" \/>\n<meta name=\"geo.region\" content=\"Spain\" \/>\n<!-- \/ Yoast SEO Premium plugin. -->","yoast_head_json":{"title":"coffee shop - Parking Sol Mediterraneo Aeropuerto de M\u00e1laga","robots":{"index":"index","follow":"follow","max-snippet":"max-snippet:-1","max-image-preview":"max-image-preview:large","max-video-preview":"max-video-preview:-1"},"canonical":"https:\/\/parkingsolmediterraneo.com\/en\/la-cafeteria\/","og_locale":"en_US","og_type":"article","og_title":"coffee shop","og_description":"AmerCAF\u00c9 Coffee ShopAt Amercaf\u00e9, the ParkingSol Mediterr\u00e1neo coffe shop you will find a peaceful place to rest, whether you are going to travel or want to take a break on the way. In our coffe shop you can taste sandwiches, special sandwiches, campers, croissants, hamburgers, salads and other dishes that you will find in our [&hellip;]","og_url":"https:\/\/parkingsolmediterraneo.com\/en\/la-cafeteria\/","og_site_name":"Parking Sol Mediterraneo Aeropuerto de M\u00e1laga","article_publisher":"https:\/\/www.facebook.com\/parkingsolmediterraneo\/","article_modified_time":"2021-07-10T09:12:36+00:00","og_image":[{"width":1218,"height":659,"url":"http:\/\/parkingsolmediterraneo.com\/wp-content\/uploads\/2021\/06\/parking-sol-portada-nueva.jpg","type":"image\/jpeg"}],"twitter_card":"summary_large_image","twitter_site":"@parkingsol","schema":{"@context":"https:\/\/schema.org","@graph":[{"@type":"WebPage","@id":"https:\/\/parkingsolmediterraneo.com\/en\/la-cafeteria\/","url":"https:\/\/parkingsolmediterraneo.com\/en\/la-cafeteria\/","name":"coffee shop - Parking Sol Mediterraneo Aeropuerto de M\u00e1laga","isPartOf":{"@id":"https:\/\/parkingsolmediterraneo.com\/#website"},"datePublished":"2021-07-08T07:26:51+00:00","dateModified":"2021-07-10T09:12:36+00:00","breadcrumb":{"@id":"https:\/\/parkingsolmediterraneo.com\/en\/la-cafeteria\/#breadcrumb"},"inLanguage":"en-US","potentialAction":[{"@type":"ReadAction","target":["https:\/\/parkingsolmediterraneo.com\/en\/la-cafeteria\/"]}]},{"@type":"BreadcrumbList","@id":"https:\/\/parkingsolmediterraneo.com\/en\/la-cafeteria\/#breadcrumb","itemListElement":[{"@type":"ListItem","position":1,"name":"Home","item":"http:\/\/parkingsolmediterraneo.com\/en\/"},{"@type":"ListItem","position":2,"name":"coffee shop"}]},{"@type":"WebSite","@id":"https:\/\/parkingsolmediterraneo.com\/#website","url":"https:\/\/parkingsolmediterraneo.com\/","name":"Parking Sol Mediterraneo Aeropuerto de M\u00e1laga","description":"El parking m\u00e1s econ\u00f3mico en el Aeropuerto de M\u00e1laga","publisher":{"@id":"https:\/\/parkingsolmediterraneo.com\/#organization"},"potentialAction":[{"@type":"SearchAction","target":{"@type":"EntryPoint","urlTemplate":"https:\/\/parkingsolmediterraneo.com\/?s={search_term_string}"},"query-input":{"@type":"PropertyValueSpecification","valueRequired":true,"valueName":"search_term_string"}}],"inLanguage":"en-US"},{"@type":["Organization","Place","LocalBusiness"],"@id":"https:\/\/parkingsolmediterraneo.com\/#organization","name":"Parking Sol Mediterraneo","url":"https:\/\/parkingsolmediterraneo.com\/","logo":{"@id":"https:\/\/parkingsolmediterraneo.com\/en\/la-cafeteria\/#local-main-organization-logo"},"image":{"@id":"https:\/\/parkingsolmediterraneo.com\/en\/la-cafeteria\/#local-main-organization-logo"},"sameAs":["https:\/\/www.facebook.com\/parkingsolmediterraneo\/","https:\/\/x.com\/parkingsol"],"address":{"@id":"https:\/\/parkingsolmediterraneo.com\/en\/la-cafeteria\/#local-main-place-address"},"geo":{"@type":"GeoCoordinates","latitude":"36.67222247556665","longitude":"-4.480962794675755"},"telephone":["952 243 050"],"openingHoursSpecification":{"@type":"OpeningHoursSpecification","dayOfWeek":["Monday","Tuesday","Wednesday","Thursday","Friday","Saturday","Sunday"],"opens":"00:00","closes":"23:59"},"email":"info@parkingsolmediterraneo.com","priceRange":"$"},{"@type":"PostalAddress","@id":"https:\/\/parkingsolmediterraneo.com\/en\/la-cafeteria\/#local-main-place-address","streetAddress":"Av. del Comandante Garc\u00eda Morato, 18. M\u00e1laga","addressLocality":"M\u00e1laga","postalCode":"29004","addressRegion":"M\u00e1laga","addressCountry":"ES"},{"@type":"ImageObject","inLanguage":"en-US","@id":"https:\/\/parkingsolmediterraneo.com\/en\/la-cafeteria\/#local-main-organization-logo","url":"http:\/\/parkingsolmediterraneo.com\/wp-content\/uploads\/2017\/03\/logo_parking-mediterraneo_2_100.png","contentUrl":"http:\/\/parkingsolmediterraneo.com\/wp-content\/uploads\/2017\/03\/logo_parking-mediterraneo_2_100.png","width":146,"height":100,"caption":"Parking Sol Mediterraneo"}]},"geo.placename":"M\u00e1laga","geo.position":{"lat":"36.67222247556665","long":"-4.480962794675755"},"geo.region":"Spain"},"_links":{"self":[{"href":"http:\/\/parkingsolmediterraneo.com\/en\/wp-json\/wp\/v2\/pages\/3600","targetHints":{"allow":["GET"]}}],"collection":[{"href":"http:\/\/parkingsolmediterraneo.com\/en\/wp-json\/wp\/v2\/pages"}],"about":[{"href":"http:\/\/parkingsolmediterraneo.com\/en\/wp-json\/wp\/v2\/types\/page"}],"author":[{"embeddable":true,"href":"http:\/\/parkingsolmediterraneo.com\/en\/wp-json\/wp\/v2\/users\/1"}],"replies":[{"embeddable":true,"href":"http:\/\/parkingsolmediterraneo.com\/en\/wp-json\/wp\/v2\/comments?post=3600"}],"version-history":[{"count":0,"href":"http:\/\/parkingsolmediterraneo.com\/en\/wp-json\/wp\/v2\/pages\/3600\/revisions"}],"wp:attachment":[{"href":"http:\/\/parkingsolmediterraneo.com\/en\/wp-json\/wp\/v2\/media?parent=3600"}],"curies":[{"name":"wp","href":"https:\/\/api.w.org\/{rel}","templated":true}]}}